{"id":4253,"date":"2021-09-14T20:08:10","date_gmt":"2021-09-14T18:08:10","guid":{"rendered":"https:\/\/www.exartia.net\/?page_id=4253"},"modified":"2021-09-16T09:17:41","modified_gmt":"2021-09-16T07:17:41","slug":"gestio-del-risc","status":"publish","type":"page","link":"https:\/\/www.exartia.net\/ca\/seguretat-informatica\/gestio-del-risc\/","title":{"rendered":"Gesti\u00f3 del Risc"},"content":{"rendered":"<p><div class=\"fusion-fullwidth fullwidth-box fusion-builder-row-1 fusion-parallax-none nonhundred-percent-fullwidth non-hundred-percent-height-scrolling\" style=\"--awb-border-radius-top-left:0px;--awb-border-radius-top-right:0px;--awb-border-radius-bottom-right:0px;--awb-border-radius-bottom-left:0px;--awb-padding-top:200px;--awb-padding-bottom:200px;--awb-margin-top:0px;--awb-margin-bottom:0px;--awb-background-color:#eeeeee;--awb-background-image:url(&quot;https:\/\/www.exartia.net\/wp-content\/uploads\/GestionDelRiesgo.jpg&quot;);--awb-background-size:cover;--awb-flex-wrap:wrap;\" ><div class=\"fusion-builder-row fusion-row\"><div class=\"fusion-layout-column fusion_builder_column fusion-builder-column-0 fusion_builder_column_1_6 1_6 fusion-one-sixth fusion-column-first fusion-no-small-visibility\" style=\"--awb-bg-size:cover;width:16.666666666667%;width:calc(16.666666666667% - ( ( 4% + 4% ) * 0.16666666666667 ) );margin-right: 4%;\"><div class=\"fusion-column-wrapper fusion-flex-column-wrapper-legacy\"><div class=\"fusion-clearfix\"><\/div><\/div><\/div><div class=\"fusion-layout-column fusion_builder_column fusion-builder-column-1 fusion_builder_column_2_3 2_3 fusion-two-third fusion-animated\" style=\"--awb-bg-size:cover;--awb-margin-top:40px;--awb-margin-bottom:0px;width:66.666666666667%;width:calc(66.666666666667% - ( ( 4% + 4% ) * 0.66666666666667 ) );margin-right: 4%;\" data-animationType=\"zoomIn\" data-animationDuration=\"0.9\" data-animationOffset=\"top-into-view\"><div class=\"fusion-column-wrapper fusion-flex-column-wrapper-legacy\"><div class=\"fusion-clearfix\"><\/div><\/div><\/div><div class=\"fusion-layout-column fusion_builder_column fusion-builder-column-2 fusion_builder_column_1_6 1_6 fusion-one-sixth fusion-column-last fusion-no-small-visibility\" style=\"--awb-bg-size:cover;width:16.666666666667%;width:calc(16.666666666667% - ( ( 4% + 4% ) * 0.16666666666667 ) );\"><div class=\"fusion-column-wrapper fusion-flex-column-wrapper-legacy\"><div class=\"fusion-clearfix\"><\/div><\/div><\/div><\/div><\/div><div class=\"fusion-fullwidth fullwidth-box fusion-builder-row-2 nonhundred-percent-fullwidth non-hundred-percent-height-scrolling\" style=\"--awb-border-radius-top-left:0px;--awb-border-radius-top-right:0px;--awb-border-radius-bottom-right:0px;--awb-border-radius-bottom-left:0px;--awb-flex-wrap:wrap;\" ><div class=\"fusion-builder-row fusion-row\"><div class=\"fusion-layout-column fusion_builder_column fusion-builder-column-3 fusion_builder_column_1_1 1_1 fusion-one-full fusion-column-first fusion-column-last\" style=\"--awb-bg-size:cover;\"><div class=\"fusion-column-wrapper fusion-flex-column-wrapper-legacy\"><div class=\"fusion-title title fusion-title-1 fusion-sep-none fusion-title-center fusion-title-text fusion-title-size-one\" style=\"--awb-margin-top:40px;--awb-font-size:30px;\"><h1 class=\"fusion-title-heading title-heading-center\" style=\"margin:0;font-size:1em;\"><h1 class=\"entry-title\">Gesti\u00f3 del Risc<\/h1><\/h1><\/div><div class=\"fusion-clearfix\"><\/div><\/div><\/div><\/div><\/div><div class=\"fusion-fullwidth fullwidth-box fusion-builder-row-3 nonhundred-percent-fullwidth non-hundred-percent-height-scrolling\" style=\"--awb-border-radius-top-left:0px;--awb-border-radius-top-right:0px;--awb-border-radius-bottom-right:0px;--awb-border-radius-bottom-left:0px;--awb-padding-bottom:40px;--awb-background-color:#ffffff;--awb-flex-wrap:wrap;\" ><div class=\"fusion-builder-row fusion-row\"><div class=\"fusion-layout-column fusion_builder_column fusion-builder-column-4 fusion_builder_column_1_1 1_1 fusion-one-full fusion-column-first fusion-column-last\" style=\"--awb-bg-size:cover;--awb-margin-bottom:50px;\"><div class=\"fusion-column-wrapper fusion-flex-column-wrapper-legacy\"><style type='text\/css'>.reading-box-container-1 .element-bottomshadow:before,.reading-box-container-1 .element-bottomshadow:after{opacity:0.70;}<\/style><div class=\"fusion-reading-box-container reading-box-container-1 CajasResaltadas\" style=\"--awb-title-color:#333333;--awb-margin-top:0px;--awb-margin-bottom:0px;\"><div class=\"reading-box\" style=\"background-color:#efefef;border-width:1px;border-color:#f6f6f6;border-left-width:3px;border-left-color:var(--primary_color);border-style:solid;\"><div class=\"reading-box-additional\">\n<p>Davant uns certs riscos que poden afectar d&#8217;una forma directa al dia a dia. Mantingui la seva empresa sempre activa.<\/p>\n<\/div><div class=\"fusion-clearfix\"><\/div><\/div><\/div><div class=\"fusion-clearfix\"><\/div><\/div><\/div><div class=\"fusion-layout-column fusion_builder_column fusion-builder-column-5 fusion_builder_column_1_2 1_2 fusion-one-half fusion-column-first\" style=\"--awb-bg-size:cover;width:50%;width:calc(50% - ( ( 4% ) * 0.5 ) );margin-right: 4%;\"><div class=\"fusion-column-wrapper fusion-flex-column-wrapper-legacy\"><div class=\"fusion-text fusion-text-1\"><p><span style=\"color: #d60707;\">Valorant l&#8217;impacte<\/span> que aquests riscos tenen sobre els processos de negoci.<\/p>\n<p><span style=\"color: #d60707;\">Establint solucions i procediments de resposta necessaris i optimitzats<\/span> per a desenvolupar una correcta estrat\u00e8gia de recuperaci\u00f3 de la normalitat.<\/p>\n<\/div><div class=\"fusion-clearfix\"><\/div><\/div><\/div><div class=\"fusion-layout-column fusion_builder_column fusion-builder-column-6 fusion_builder_column_1_2 1_2 fusion-one-half fusion-column-last\" style=\"--awb-bg-size:cover;width:50%;width:calc(50% - ( ( 4% ) * 0.5 ) );\"><div class=\"fusion-column-wrapper fusion-flex-column-wrapper-legacy\"><div class=\"fusion-text fusion-text-2\"><p><span style=\"color: #d60707;\">Aconseguint la millor manera d&#8217;actuar enfront de qualsevol amena\u00e7a<\/span><b>,<\/b> activant tots els mecanismes, recursos i comit\u00e8s de crisis definits anteriorment.<\/p>\n<\/div><div class=\"fusion-clearfix\"><\/div><\/div><\/div><div class=\"fusion-layout-column fusion_builder_column fusion-builder-column-7 fusion_builder_column_1_1 1_1 fusion-one-full fusion-column-first fusion-column-last\" style=\"--awb-bg-size:cover;\"><div class=\"fusion-column-wrapper fusion-flex-column-wrapper-legacy\"><div class=\"fusion-title title fusion-title-2 fusion-sep-none fusion-title-text fusion-title-size-three\" style=\"--awb-margin-top:20px;--awb-margin-bottom:0px;--awb-font-size:20px;\"><h3 class=\"fusion-title-heading title-heading-left\" style=\"margin:0;font-size:1em;\"><h3 class=\"widget-title\">An\u00e0lisi de Riscos<\/h3><\/h3><\/div><div class=\"fusion-clearfix\"><\/div><\/div><\/div><div class=\"fusion-layout-column fusion_builder_column fusion-builder-column-8 fusion_builder_column_1_2 1_2 fusion-one-half fusion-column-first\" style=\"--awb-bg-size:cover;width:50%;width:calc(50% - ( ( 4% ) * 0.5 ) );margin-right: 4%;\"><div class=\"fusion-column-wrapper fusion-flex-column-wrapper-legacy\"><div class=\"fusion-text fusion-text-3\"><p>Els actius inform\u00e0tics, ja siguin equips, fitxers, serveis o fins i tot informaci\u00f3, estan exposats a unes certes amenaces. En funci\u00f3 de la probabilitat de succeir-se aquesta amena\u00e7a i l&#8217;impacte associat a la seva explotaci\u00f3, \u00e9s possible realitzar an\u00e0lisi que ens permetin valorar, de manera quantitativa o qualitativa, el risc al qual s&#8217;exposa la seva empresa.<\/p>\n<\/div><div class=\"fusion-clearfix\"><\/div><\/div><\/div><div class=\"fusion-layout-column fusion_builder_column fusion-builder-column-9 fusion_builder_column_1_2 1_2 fusion-one-half fusion-column-last\" style=\"--awb-bg-size:cover;width:50%;width:calc(50% - ( ( 4% ) * 0.5 ) );\"><div class=\"fusion-column-wrapper fusion-flex-column-wrapper-legacy\"><div class=\"fusion-text fusion-text-4\"><p><span style=\"color: #d60707;\">exartia li garanteix:<\/span><\/p>\n<ul>\n<li><span style=\"color: #d60707;\">Un diagn\u00f2stic fiable<\/span><b>.<\/b> Aconseguir un diagn\u00f2stic de la seguretat dels sistemes d&#8217;informaci\u00f3 per a establir un pla d&#8217;acci\u00f3 prioritzat que solvent els riscos m\u00e9s importants.<\/li>\n<li><span style=\"color: #d60707;\">Un proc\u00e9s rigor\u00f3s.<\/span> El pla d&#8217;acci\u00f3 de exartia es deriva de les amenaces i vulnerabilitats t\u00e8cniques i tecnol\u00f2giques identificades sobre la plataforma actual. L&#8217;an\u00e0lisi es basa en metodologies espec\u00edfiques, com Magerit, Octave, CRAMM, etc.<\/li>\n<\/ul>\n<\/div><div class=\"fusion-clearfix\"><\/div><\/div><\/div><div class=\"fusion-layout-column fusion_builder_column fusion-builder-column-10 fusion_builder_column_1_1 1_1 fusion-one-full fusion-column-first fusion-column-last\" style=\"--awb-bg-size:cover;\"><div class=\"fusion-column-wrapper fusion-flex-column-wrapper-legacy\"><div class=\"fusion-title title fusion-title-3 fusion-sep-none fusion-title-text fusion-title-size-three\" style=\"--awb-margin-top:20px;--awb-margin-bottom:0px;--awb-font-size:20px;\"><h3 class=\"fusion-title-heading title-heading-left\" style=\"margin:0;font-size:1em;\"><h3 class=\"widget-title\">Quadre de Comandaments<\/h3><\/h3><\/div><div class=\"fusion-clearfix\"><\/div><\/div><\/div><div class=\"fusion-layout-column fusion_builder_column fusion-builder-column-11 fusion_builder_column_1_2 1_2 fusion-one-half fusion-column-first\" style=\"--awb-bg-size:cover;width:50%;width:calc(50% - ( ( 4% ) * 0.5 ) );margin-right: 4%;\"><div class=\"fusion-column-wrapper fusion-flex-column-wrapper-legacy\"><div class=\"fusion-text fusion-text-5\"><p>Una vegada la seguretat dels sistemes d&#8217;informaci\u00f3 es troba en un grau de maduresa prou desenvolupat com per a considerar-lo estable, \u00e9s necessari establir mesures de control i monitoratge que ens permetin mantenir i gestionar aquesta situaci\u00f3.<\/p>\n<p><span style=\"color: #d60707;\">Perqu\u00e8 disposi d&#8217;una seguretat constant:<\/span><\/p>\n<ul>\n<li><span style=\"color: #d60707;\">Establirem una s\u00e8rie de mesures de seguiment<\/span> de diferents esdeveniments d&#8217;una forma peri\u00f2dica, per a aconseguir i suportar decisions i accions estrat\u00e8giques.<\/li>\n<\/ul>\n<\/div><div class=\"fusion-clearfix\"><\/div><\/div><\/div><div class=\"fusion-layout-column fusion_builder_column fusion-builder-column-12 fusion_builder_column_1_2 1_2 fusion-one-half fusion-column-last\" style=\"--awb-bg-size:cover;width:50%;width:calc(50% - ( ( 4% ) * 0.5 ) );\"><div class=\"fusion-column-wrapper fusion-flex-column-wrapper-legacy\"><div class=\"fusion-text fusion-text-6\"><ul>\n<li><span style=\"color: #d60707;\">Ens centrarem en un seguiment general<\/span> d&#8217;indicadors estrat\u00e8gics de totes les \u00e0rees que conformen la seguretat dels Sistemes d&#8217;Informaci\u00f3, fugint d&#8217;un gran nombre d&#8217;esdeveniments t\u00e8cnics.<\/li>\n<li><span style=\"color: #d60707;\">Dissenyarem la millor estrat\u00e8gia de control,<\/span> contemplant la millor manera d&#8217;establir, recollir, tractar i presentar cadascun d&#8217;aquests indicadors, en funci\u00f3 de la casu\u00edstica de l&#8217;entitat.<\/li>\n<\/ul>\n<\/div><div class=\"fusion-clearfix\"><\/div><\/div><\/div><\/div><\/div><div class=\"fusion-fullwidth fullwidth-box fusion-builder-row-4 nonhundred-percent-fullwidth non-hundred-percent-height-scrolling\" style=\"--awb-border-radius-top-left:0px;--awb-border-radius-top-right:0px;--awb-border-radius-bottom-right:0px;--awb-border-radius-bottom-left:0px;--awb-padding-top:40px;--awb-background-color:#e5e5e5;--awb-flex-wrap:wrap;\" ><div class=\"fusion-builder-row fusion-row\"><div class=\"fusion-layout-column fusion_builder_column fusion-builder-column-13 fusion_builder_column_1_3 1_3 fusion-one-third fusion-column-first\" style=\"--awb-bg-size:cover;width:33.333333333333%;width:calc(33.333333333333% - ( ( 4% + 4% ) * 0.33333333333333 ) );margin-right: 4%;\"><div class=\"fusion-column-wrapper fusion-flex-column-wrapper-legacy\"><div class=\"fusion-content-boxes content-boxes columns row fusion-columns-1 fusion-columns-total-1 fusion-content-boxes-1 content-boxes-clean-vertical content-left content-boxes-icon-on-top AsignarMismaAlturaContentBoxSeguridadInformatica2\" style=\"--awb-iconcolor:#5f616f;--awb-hover-accent-color:#d60707;--awb-circle-hover-accent-color:transparent;--awb-item-margin-bottom:40px;\" data-animationOffset=\"top-into-view\"><div style=\"--awb-backgroundcolor:#ffffff;--awb-iconcolor:#5f616f;border-color:rgba(255,255,255,0);\" class=\"fusion-column content-box-column content-box-column content-box-column-1 col-lg-12 col-md-12 col-sm-12 fusion-content-box-hover content-box-column-last content-box-column-last-in-row\"><div class=\"col content-box-wrapper content-wrapper-background link-area-link-icon link-type-button-bar icon-hover-animation-slide\" data-animationOffset=\"top-into-view\"><div class=\"heading heading-with-icon icon-left\"><a class=\"heading-link\" href=\"https:\/\/www.exartia.net\/ca\/seguretat-informatica\/assessorament-estrategic\/\" target=\"_self\"><div aria-hidden=\"true\" class=\"image\"><img decoding=\"async\" src=\"https:\/\/www.exartia.net\/wp-content\/uploads\/AsesoramientoEstrategico.jpg\" width=\"300\" height=\"123.15\" alt=\"\" \/><\/div><h2 class=\"content-box-heading\" style=\"--h2_typography-font-size:18px;line-height:23px;\">Assessorament Estrat\u00e8gic<\/h2><\/a><\/div><div class=\"fusion-clearfix\"><\/div><div class=\"content-container\">\n<p style=\"text-align: left;\">Projectes relacionats amb la planificaci\u00f3 i presa de decisi\u00f3 per a abordar accions espec\u00edfiques que contemplin la seguretat dels Sistemes Inform\u00e0tics, com ara Plans Directors, Selecci\u00f3 d&#8217;Eines, Consultoria Tecnol\u00f2gica, etc.<\/p>\n<\/div><div class=\"fusion-clearfix\"><\/div><a class=\" fusion-read-more fusion-button-bar\" href=\"https:\/\/www.exartia.net\/ca\/seguretat-informatica\/assessorament-estrategic\/\" target=\"_self\">M\u00e9s informaci\u00f3<\/a><div class=\"fusion-clearfix\"><\/div><\/div><\/div><div class=\"fusion-clearfix\"><\/div><\/div><div class=\"fusion-clearfix\"><\/div><\/div><\/div><div class=\"fusion-layout-column fusion_builder_column fusion-builder-column-14 fusion_builder_column_1_3 1_3 fusion-one-third\" style=\"--awb-bg-size:cover;width:33.333333333333%;width:calc(33.333333333333% - ( ( 4% + 4% ) * 0.33333333333333 ) );margin-right: 4%;\"><div class=\"fusion-column-wrapper fusion-flex-column-wrapper-legacy\"><div class=\"fusion-content-boxes content-boxes columns row fusion-columns-1 fusion-columns-total-1 fusion-content-boxes-2 content-boxes-clean-vertical content-left content-boxes-icon-on-top AsignarMismaAlturaContentBoxSeguridadInformatica2\" style=\"--awb-iconcolor:#5f616f;--awb-hover-accent-color:#d60707;--awb-circle-hover-accent-color:transparent;--awb-item-margin-bottom:40px;\" data-animationOffset=\"top-into-view\"><div style=\"--awb-backgroundcolor:#ffffff;--awb-iconcolor:#5f616f;border-color:rgba(255,255,255,0);\" class=\"fusion-column content-box-column content-box-column content-box-column-1 col-lg-12 col-md-12 col-sm-12 fusion-content-box-hover content-box-column-last content-box-column-last-in-row\"><div class=\"col content-box-wrapper content-wrapper-background link-area-link-icon link-type-button-bar icon-hover-animation-slide\" data-animationOffset=\"top-into-view\"><div class=\"heading heading-with-icon icon-left\"><a class=\"heading-link\" href=\"https:\/\/www.exartia.net\/ca\/seguretat-informatica\/assessorament-regulador\/\" target=\"_self\"><div aria-hidden=\"true\" class=\"image\"><img decoding=\"async\" src=\"https:\/\/www.exartia.net\/wp-content\/uploads\/AsesoramientoRegulatorio.jpg\" width=\"300\" height=\"168.9\" alt=\"\" \/><\/div><h2 class=\"content-box-heading\" style=\"--h2_typography-font-size:18px;line-height:23px;\">Assessorament Regulador<\/h2><\/a><\/div><div class=\"fusion-clearfix\"><\/div><div class=\"content-container\">\n<p style=\"text-align: left;\">Projectes que contemplen com afecta qualsevol tipus de llei o norma (ja sigui nacional o internacional) als sistemes d&#8217;informaci\u00f3, i ajuden l&#8217;Entitat a adaptar-se al seu compliment. Entre aquestes destaquen la RGPD, LSSI-CE, LMISI, PCI-DSS, SOX, Basilea II, etc.<\/p>\n<\/div><div class=\"fusion-clearfix\"><\/div><a class=\" fusion-read-more fusion-button-bar\" href=\"https:\/\/www.exartia.net\/ca\/seguretat-informatica\/assessorament-regulador\/\" target=\"_self\">M\u00e9s informaci\u00f3<\/a><div class=\"fusion-clearfix\"><\/div><\/div><\/div><div class=\"fusion-clearfix\"><\/div><\/div><div class=\"fusion-clearfix\"><\/div><\/div><\/div><div class=\"fusion-layout-column fusion_builder_column fusion-builder-column-15 fusion_builder_column_1_3 1_3 fusion-one-third fusion-column-last\" style=\"--awb-bg-size:cover;width:33.333333333333%;width:calc(33.333333333333% - ( ( 4% + 4% ) * 0.33333333333333 ) );\"><div class=\"fusion-column-wrapper fusion-flex-column-wrapper-legacy\"><div class=\"fusion-content-boxes content-boxes columns row fusion-columns-1 fusion-columns-total-1 fusion-content-boxes-3 content-boxes-clean-vertical content-left content-boxes-icon-on-top AsignarMismaAlturaContentBoxSeguridadInformatica2\" style=\"--awb-iconcolor:#5f616f;--awb-hover-accent-color:#d60707;--awb-circle-hover-accent-color:transparent;--awb-item-margin-bottom:40px;\" data-animationOffset=\"top-into-view\"><div style=\"--awb-backgroundcolor:#ffffff;--awb-iconcolor:#5f616f;border-color:rgba(255,255,255,0);\" class=\"fusion-column content-box-column content-box-column content-box-column-1 col-lg-12 col-md-12 col-sm-12 fusion-content-box-hover content-box-column-last content-box-column-last-in-row\"><div class=\"col content-box-wrapper content-wrapper-background link-area-link-icon link-type-button-bar icon-hover-animation-slide\" data-animationOffset=\"top-into-view\"><div class=\"heading heading-with-icon icon-left\"><a class=\"heading-link\" href=\"https:\/\/www.exartia.net\/ca\/seguretat-informatica\/seguretat-tecnica-avancada\/\" target=\"_self\"><div aria-hidden=\"true\" class=\"image\"><img decoding=\"async\" src=\"https:\/\/www.exartia.net\/wp-content\/uploads\/SeguridadTecnicaAvanzada.jpg\" width=\"300\" height=\"140.7\" alt=\"\" \/><\/div><h2 class=\"content-box-heading\" style=\"--h2_typography-font-size:18px;line-height:23px;\">Seguretat T\u00e8cnica Avan\u00e7ada<\/h2><\/a><\/div><div class=\"fusion-clearfix\"><\/div><div class=\"content-container\">\n<p style=\"text-align: left;\">Treballs espec\u00edfics, amb un elevat component t\u00e8cnic, que ajuden a detectar i solucionar els principals problemes t\u00e8cnics dels actius inform\u00e0tics. Entre ells, destaquen projectes de Hacking \u00c8tic, Desenvolupament Segur, An\u00e0lisi Forense, Bastionat, o Antiphishing.<\/p>\n<\/div><div class=\"fusion-clearfix\"><\/div><a class=\" fusion-read-more fusion-button-bar\" href=\"https:\/\/www.exartia.net\/ca\/seguretat-informatica\/seguretat-tecnica-avancada\/\" target=\"_self\">M\u00e9s informaci\u00f3<\/a><div class=\"fusion-clearfix\"><\/div><\/div><\/div><div class=\"fusion-clearfix\"><\/div><\/div><div class=\"fusion-clearfix\"><\/div><\/div><\/div><\/div><\/div><\/p>\n","protected":false},"excerpt":{"rendered":"","protected":false},"author":1,"featured_media":0,"parent":4223,"menu_order":0,"comment_status":"closed","ping_status":"closed","template":"100-width.php","meta":{"footnotes":""},"class_list":["post-4253","page","type-page","status-publish","hentry"],"_links":{"self":[{"href":"https:\/\/www.exartia.net\/ca\/wp-json\/wp\/v2\/pages\/4253","targetHints":{"allow":["GET"]}}],"collection":[{"href":"https:\/\/www.exartia.net\/ca\/wp-json\/wp\/v2\/pages"}],"about":[{"href":"https:\/\/www.exartia.net\/ca\/wp-json\/wp\/v2\/types\/page"}],"author":[{"embeddable":true,"href":"https:\/\/www.exartia.net\/ca\/wp-json\/wp\/v2\/users\/1"}],"replies":[{"embeddable":true,"href":"https:\/\/www.exartia.net\/ca\/wp-json\/wp\/v2\/comments?post=4253"}],"version-history":[{"count":9,"href":"https:\/\/www.exartia.net\/ca\/wp-json\/wp\/v2\/pages\/4253\/revisions"}],"predecessor-version":[{"id":4319,"href":"https:\/\/www.exartia.net\/ca\/wp-json\/wp\/v2\/pages\/4253\/revisions\/4319"}],"up":[{"embeddable":true,"href":"https:\/\/www.exartia.net\/ca\/wp-json\/wp\/v2\/pages\/4223"}],"wp:attachment":[{"href":"https:\/\/www.exartia.net\/ca\/wp-json\/wp\/v2\/media?parent=4253"}],"curies":[{"name":"wp","href":"https:\/\/api.w.org\/{rel}","templated":true}]}}