{"id":4238,"date":"2021-09-14T19:06:18","date_gmt":"2021-09-14T17:06:18","guid":{"rendered":"https:\/\/www.exartia.net\/?page_id=4238"},"modified":"2021-09-16T09:16:50","modified_gmt":"2021-09-16T07:16:50","slug":"assessorament-estrategic","status":"publish","type":"page","link":"https:\/\/www.exartia.net\/ca\/seguretat-informatica\/assessorament-estrategic\/","title":{"rendered":"Assessorament estrat\u00e8gic"},"content":{"rendered":"<p><div class=\"fusion-fullwidth fullwidth-box fusion-builder-row-1 fusion-parallax-none nonhundred-percent-fullwidth non-hundred-percent-height-scrolling\" style=\"--awb-border-radius-top-left:0px;--awb-border-radius-top-right:0px;--awb-border-radius-bottom-right:0px;--awb-border-radius-bottom-left:0px;--awb-padding-top:200px;--awb-padding-bottom:200px;--awb-margin-top:0px;--awb-margin-bottom:0px;--awb-background-color:#eeeeee;--awb-background-image:url(&quot;https:\/\/www.exartia.net\/wp-content\/uploads\/AsesoramientoEstrategico.jpg&quot;);--awb-background-size:cover;--awb-flex-wrap:wrap;\" ><div class=\"fusion-builder-row fusion-row\"><div class=\"fusion-layout-column fusion_builder_column fusion-builder-column-0 fusion_builder_column_1_6 1_6 fusion-one-sixth fusion-column-first fusion-no-small-visibility\" style=\"--awb-bg-size:cover;width:16.666666666667%;width:calc(16.666666666667% - ( ( 4% + 4% ) * 0.16666666666667 ) );margin-right: 4%;\"><div class=\"fusion-column-wrapper fusion-flex-column-wrapper-legacy\"><div class=\"fusion-clearfix\"><\/div><\/div><\/div><div class=\"fusion-layout-column fusion_builder_column fusion-builder-column-1 fusion_builder_column_2_3 2_3 fusion-two-third fusion-animated\" style=\"--awb-bg-size:cover;--awb-margin-top:40px;--awb-margin-bottom:0px;width:66.666666666667%;width:calc(66.666666666667% - ( ( 4% + 4% ) * 0.66666666666667 ) );margin-right: 4%;\" data-animationType=\"zoomIn\" data-animationDuration=\"0.9\" data-animationOffset=\"top-into-view\"><div class=\"fusion-column-wrapper fusion-flex-column-wrapper-legacy\"><div class=\"fusion-clearfix\"><\/div><\/div><\/div><div class=\"fusion-layout-column fusion_builder_column fusion-builder-column-2 fusion_builder_column_1_6 1_6 fusion-one-sixth fusion-column-last fusion-no-small-visibility\" style=\"--awb-bg-size:cover;width:16.666666666667%;width:calc(16.666666666667% - ( ( 4% + 4% ) * 0.16666666666667 ) );\"><div class=\"fusion-column-wrapper fusion-flex-column-wrapper-legacy\"><div class=\"fusion-clearfix\"><\/div><\/div><\/div><\/div><\/div><div class=\"fusion-fullwidth fullwidth-box fusion-builder-row-2 nonhundred-percent-fullwidth non-hundred-percent-height-scrolling\" style=\"--awb-border-radius-top-left:0px;--awb-border-radius-top-right:0px;--awb-border-radius-bottom-right:0px;--awb-border-radius-bottom-left:0px;--awb-flex-wrap:wrap;\" ><div class=\"fusion-builder-row fusion-row\"><div class=\"fusion-layout-column fusion_builder_column fusion-builder-column-3 fusion_builder_column_1_1 1_1 fusion-one-full fusion-column-first fusion-column-last\" style=\"--awb-bg-size:cover;\"><div class=\"fusion-column-wrapper fusion-flex-column-wrapper-legacy\"><div class=\"fusion-title title fusion-title-1 fusion-sep-none fusion-title-center fusion-title-text fusion-title-size-one\" style=\"--awb-margin-top:40px;--awb-font-size:30px;\"><h1 class=\"fusion-title-heading title-heading-center\" style=\"margin:0;font-size:1em;\"><h1 class=\"entry-title\">Assessorament estrat\u00e8gic<\/h1><\/h1><\/div><div class=\"fusion-clearfix\"><\/div><\/div><\/div><\/div><\/div><div class=\"fusion-fullwidth fullwidth-box fusion-builder-row-3 nonhundred-percent-fullwidth non-hundred-percent-height-scrolling\" style=\"--awb-border-radius-top-left:0px;--awb-border-radius-top-right:0px;--awb-border-radius-bottom-right:0px;--awb-border-radius-bottom-left:0px;--awb-padding-bottom:40px;--awb-background-color:#ffffff;--awb-flex-wrap:wrap;\" ><div class=\"fusion-builder-row fusion-row\"><div class=\"fusion-layout-column fusion_builder_column fusion-builder-column-4 fusion_builder_column_1_1 1_1 fusion-one-full fusion-column-first fusion-column-last\" style=\"--awb-bg-size:cover;\"><div class=\"fusion-column-wrapper fusion-flex-column-wrapper-legacy\"><div class=\"fusion-title title fusion-title-2 fusion-sep-none fusion-title-text fusion-title-size-three\" style=\"--awb-margin-top:20px;--awb-margin-bottom:0px;--awb-font-size:20px;\"><h3 class=\"fusion-title-heading title-heading-left\" style=\"margin:0;font-size:1em;\"><h3 class=\"widget-title\">Pla Director de Seguretat<\/h3><\/h3><\/div><div class=\"fusion-clearfix\"><\/div><\/div><\/div><div class=\"fusion-layout-column fusion_builder_column fusion-builder-column-5 fusion_builder_column_1_2 1_2 fusion-one-half fusion-column-first\" style=\"--awb-bg-size:cover;width:50%;width:calc(50% - ( ( 4% ) * 0.5 ) );margin-right: 4%;\"><div class=\"fusion-column-wrapper fusion-flex-column-wrapper-legacy\"><div class=\"fusion-text fusion-text-1\"><p>Qualsevol tipus de desenvolupament o evoluci\u00f3 ha de basar-se en un model que garanteixi el correcte avan\u00e7 sobre la base de l&#8217;estrat\u00e8gia inicial planificada. El Pla Director de Seguretat (PDS) garanteix aquest objectiu mitjan\u00e7ant l&#8217;elaboraci\u00f3 d&#8217;un Pla d&#8217;Acci\u00f3 prioritzat, adaptat i personalitzat, que valora qualsevol tipus d&#8217;acci\u00f3 prevista en un futur.<\/p>\n<p><span style=\"color: #d60707;\">L&#8217;objectiu.<\/span> El PDS estableix el model correcte de desenvolupament i valora les accions necess\u00e0ries per a aconseguir-lo en un termini mitj\u00e0 de temps.<\/p>\n<\/div><div class=\"fusion-clearfix\"><\/div><\/div><\/div><div class=\"fusion-layout-column fusion_builder_column fusion-builder-column-6 fusion_builder_column_1_2 1_2 fusion-one-half fusion-column-last\" style=\"--awb-bg-size:cover;width:50%;width:calc(50% - ( ( 4% ) * 0.5 ) );\"><div class=\"fusion-column-wrapper fusion-flex-column-wrapper-legacy\"><div class=\"fusion-text fusion-text-2\"><p><span style=\"color: #d60707;\">La metodologia<\/span><b>.<\/b> Un m\u00e8tode de treball establert (com l&#8217;ISO 17799) d&#8217;acord constant amb el negoci i amb el propi Pla de Sistemes. Aix\u00ed, a trav\u00e9s del PDS, s&#8217;establiran les necessitats en mat\u00e8ria de seguretat, tenint en compte aspectes com el posicionament del sector, la grand\u00e0ria de l&#8217;entitat, la situaci\u00f3 de partida, les solucions del mercat, etc.<\/p>\n<\/div><div class=\"fusion-clearfix\"><\/div><\/div><\/div><div class=\"fusion-layout-column fusion_builder_column fusion-builder-column-7 fusion_builder_column_1_1 1_1 fusion-one-full fusion-column-first fusion-column-last\" style=\"--awb-bg-size:cover;\"><div class=\"fusion-column-wrapper fusion-flex-column-wrapper-legacy\"><div class=\"fusion-title title fusion-title-3 fusion-sep-none fusion-title-text fusion-title-size-three\" style=\"--awb-margin-top:20px;--awb-margin-bottom:0px;--awb-font-size:20px;\"><h3 class=\"fusion-title-heading title-heading-left\" style=\"margin:0;font-size:1em;\"><h3 class=\"widget-title\">Gesti\u00f3 d&#8217;Identitats i Certificaci\u00f3 Digital<\/h3><\/h3><\/div><div class=\"fusion-clearfix\"><\/div><\/div><\/div><div class=\"fusion-layout-column fusion_builder_column fusion-builder-column-8 fusion_builder_column_1_2 1_2 fusion-one-half fusion-column-first\" style=\"--awb-bg-size:cover;width:50%;width:calc(50% - ( ( 4% ) * 0.5 ) );margin-right: 4%;\"><div class=\"fusion-column-wrapper fusion-flex-column-wrapper-legacy\"><div class=\"fusion-text fusion-text-3\"><p>La gesti\u00f3 d&#8217;usuaris, perfils d&#8217;acc\u00e9s, modificaci\u00f3 de privilegis i processos d&#8217;alta i baixa en els sistemes \u00e9s cada vegada un problema menys manejable i de major risc per a les organitzacions (heterogene\u00eftat de plataformes i organitzacions canviants).<\/p>\n<p>En la seva implantaci\u00f3:<\/p>\n<ul>\n<li>\u00c9s necess\u00e0ria una planificaci\u00f3 molt rigorosa. Parlem de projectes amb un alt component tecnol\u00f2gic i que requereixen d&#8217;un elevat grau de consens dins de l&#8217;organitzaci\u00f3 perqu\u00e8 afecten a tots els usuaris dels sistemes i impliquen a totes les plataformes de les organitzacions.<\/li>\n<\/ul>\n<\/div><div class=\"fusion-clearfix\"><\/div><\/div><\/div><div class=\"fusion-layout-column fusion_builder_column fusion-builder-column-9 fusion_builder_column_1_2 1_2 fusion-one-half fusion-column-last\" style=\"--awb-bg-size:cover;width:50%;width:calc(50% - ( ( 4% ) * 0.5 ) );\"><div class=\"fusion-column-wrapper fusion-flex-column-wrapper-legacy\"><div class=\"fusion-text fusion-text-4\"><ul>\n<li>Cal comptar amb l&#8217;\u00faltima tecnologia per a sumar en seguretat per\u00f2 no en complexitat d&#8217;administraci\u00f3. Dins d&#8217;aquest \u00e0mbit cal ressaltar el paper decisiu de tecnologies com els serveis de directori i metadirectori (ex. LDAP), les jerarquies de certificaci\u00f3 digital (PKI) i les solucions de provisioning d&#8217;usuaris. Tecnologia imprescindible per a automatitzar aquests processos i elevar el nivell de seguretat de les organitzacions, sense fer m\u00e9s complexa l&#8217;administraci\u00f3 dels usuaris.<\/li>\n<\/ul>\n<\/div><div class=\"fusion-clearfix\"><\/div><\/div><\/div><div class=\"fusion-layout-column fusion_builder_column fusion-builder-column-10 fusion_builder_column_1_1 1_1 fusion-one-full fusion-column-first fusion-column-last\" style=\"--awb-bg-size:cover;--awb-margin-bottom:50px;\"><div class=\"fusion-column-wrapper fusion-flex-column-wrapper-legacy\"><style type='text\/css'>.reading-box-container-1 .element-bottomshadow:before,.reading-box-container-1 .element-bottomshadow:after{opacity:0.70;}<\/style><div class=\"fusion-reading-box-container reading-box-container-1 CajasResaltadas\" style=\"--awb-title-color:#333333;--awb-margin-top:0px;--awb-margin-bottom:0px;\"><div class=\"reading-box\" style=\"background-color:#efefef;border-width:1px;border-color:#f6f6f6;border-left-width:3px;border-left-color:var(--primary_color);border-style:solid;\"><div class=\"reading-box-additional\">\n<p>A <span style=\"color: #d60707;\">exartia<\/span>, per la nostra experi\u00e8ncia com a consultors en seguretat, sabem que la selecci\u00f3 i el disseny del desenvolupament de la implantaci\u00f3 d&#8217;aquests projectes pren una import\u00e0ncia fonamental. I que per a aconseguir l&#8217;\u00e8xit del projecte resulta imprescindible una supervisi\u00f3 i direcci\u00f3 externes, a trav\u00e9s d&#8217;una signatura independent de tecnologies i solucions que treballi complint amb les expectatives transmeses pel negoci de l&#8217;entitat.<\/p>\n<\/div><div class=\"fusion-clearfix\"><\/div><\/div><\/div><div class=\"fusion-clearfix\"><\/div><\/div><\/div><div class=\"fusion-layout-column fusion_builder_column fusion-builder-column-11 fusion_builder_column_1_1 1_1 fusion-one-full fusion-column-first fusion-column-last\" style=\"--awb-bg-size:cover;\"><div class=\"fusion-column-wrapper fusion-flex-column-wrapper-legacy\"><div class=\"fusion-title title fusion-title-4 fusion-sep-none fusion-title-text fusion-title-size-three\" style=\"--awb-margin-top:20px;--awb-margin-bottom:0px;--awb-font-size:20px;\"><h3 class=\"fusion-title-heading title-heading-left\" style=\"margin:0;font-size:1em;\"><h3 class=\"widget-title\">Oficina de projectes<\/h3><\/h3><\/div><div class=\"fusion-clearfix\"><\/div><\/div><\/div><div class=\"fusion-layout-column fusion_builder_column fusion-builder-column-12 fusion_builder_column_1_2 1_2 fusion-one-half fusion-column-first\" style=\"--awb-bg-size:cover;width:50%;width:calc(50% - ( ( 4% ) * 0.5 ) );margin-right: 4%;\"><div class=\"fusion-column-wrapper fusion-flex-column-wrapper-legacy\"><div class=\"fusion-text fusion-text-5\"><p>Qualsevol implantaci\u00f3 d&#8217;una tecnologia ha de complir amb els objectius de negoci de l&#8217;organitzaci\u00f3 i no al contrari. Per\u00f2 a vegades, b\u00e9 per la complexitat de la tecnologia a implantar o b\u00e9 per una mala planificaci\u00f3 de la implantaci\u00f3, es produeixen desviaments en la consecuci\u00f3 d&#8217;aquests objectius i, per tant, una incorrecta implantaci\u00f3. L&#8217;oficina de projectes neix per a evitar aquestes incid\u00e8ncies.<\/p>\n<p><span style=\"color: #d60707;\">M\u00e0xim control per a un 100% d&#8217;efic\u00e0cia.<\/span><\/p>\n<\/div><div class=\"fusion-clearfix\"><\/div><\/div><\/div><div class=\"fusion-layout-column fusion_builder_column fusion-builder-column-13 fusion_builder_column_1_2 1_2 fusion-one-half fusion-column-last\" style=\"--awb-bg-size:cover;width:50%;width:calc(50% - ( ( 4% ) * 0.5 ) );\"><div class=\"fusion-column-wrapper fusion-flex-column-wrapper-legacy\"><div class=\"fusion-text fusion-text-6\"><p><span style=\"color: #d60707;\">Perqu\u00e8 permet gestionar l&#8217;impacte de la implantaci\u00f3<\/span> aportant independ\u00e8ncia a l&#8217;organitzaci\u00f3 tant de l&#8217;implantador com de la soluci\u00f3 a implantar (estudi i disseny de la soluci\u00f3 a implantar previ a la selecci\u00f3 de la pr\u00f2pia eina).<\/p>\n<p><span style=\"color: #d60707;\">Perqu\u00e8 gestiona amb anticipaci\u00f3 les desviacions<\/span> en la implantaci\u00f3 de les expectatives i objectius del projecte.<\/p>\n<p><span style=\"color: #d60707;\">Perqu\u00e8 aporta a l&#8217;organitzaci\u00f3 una soluci\u00f3 de gesti\u00f3 del projecte d&#8217;inici a fi<\/span><b>,<\/b> de manera que es garanteixi l&#8217;\u00e8xit del projecte.<\/p>\n<\/div><div class=\"fusion-clearfix\"><\/div><\/div><\/div><\/div><\/div><div class=\"fusion-fullwidth fullwidth-box fusion-builder-row-4 nonhundred-percent-fullwidth non-hundred-percent-height-scrolling\" style=\"--awb-border-radius-top-left:0px;--awb-border-radius-top-right:0px;--awb-border-radius-bottom-right:0px;--awb-border-radius-bottom-left:0px;--awb-padding-top:40px;--awb-background-color:#e5e5e5;--awb-flex-wrap:wrap;\" ><div class=\"fusion-builder-row fusion-row\"><div class=\"fusion-layout-column fusion_builder_column fusion-builder-column-14 fusion_builder_column_1_3 1_3 fusion-one-third fusion-column-first\" style=\"--awb-bg-size:cover;width:33.333333333333%;width:calc(33.333333333333% - ( ( 4% + 4% ) * 0.33333333333333 ) );margin-right: 4%;\"><div class=\"fusion-column-wrapper fusion-flex-column-wrapper-legacy\"><div class=\"fusion-content-boxes content-boxes columns row fusion-columns-1 fusion-columns-total-1 fusion-content-boxes-1 content-boxes-clean-vertical content-left content-boxes-icon-on-top AsignarMismaAlturaContentBoxSeguridadInformatica2\" style=\"--awb-iconcolor:#5f616f;--awb-hover-accent-color:#d60707;--awb-circle-hover-accent-color:transparent;--awb-item-margin-bottom:40px;\" data-animationOffset=\"top-into-view\"><div style=\"--awb-backgroundcolor:#ffffff;--awb-iconcolor:#5f616f;border-color:rgba(255,255,255,0);\" class=\"fusion-column content-box-column content-box-column content-box-column-1 col-lg-12 col-md-12 col-sm-12 fusion-content-box-hover content-box-column-last content-box-column-last-in-row\"><div class=\"col content-box-wrapper content-wrapper-background link-area-link-icon link-type-button-bar icon-hover-animation-slide\" data-animationOffset=\"top-into-view\"><div class=\"heading heading-with-icon icon-left\"><a class=\"heading-link\" href=\"https:\/\/www.exartia.net\/ca\/seguretat-informatica\/gestio-del-risc\/\" target=\"_self\"><div aria-hidden=\"true\" class=\"image\"><img decoding=\"async\" src=\"https:\/\/www.exartia.net\/wp-content\/uploads\/GestionDelRiesgo.jpg\" width=\"300\" height=\"165\" alt=\"\" \/><\/div><h2 class=\"content-box-heading\" style=\"--h2_typography-font-size:18px;line-height:23px;\">Gesti\u00f3 del Risc de les TIC<\/h2><\/a><\/div><div class=\"fusion-clearfix\"><\/div><div class=\"content-container\">\n<p style=\"text-align: left;\">Treballs que ajuden a identificar, quantificar i resoldre les principals amenaces inform\u00e0tiques que afecten directament el Negoci. Entre aquests destaquen els Plans de Continu\u00eftat, An\u00e0lisi de Riscos, Quadres de Comandament o els Sistemes de Gesti\u00f3 de la Seguretat de la Informaci\u00f3.<\/p>\n<\/div><div class=\"fusion-clearfix\"><\/div><a class=\" fusion-read-more fusion-button-bar\" href=\"https:\/\/www.exartia.net\/ca\/seguretat-informatica\/gestio-del-risc\/\" target=\"_self\">M\u00e9s informaci\u00f3<\/a><div class=\"fusion-clearfix\"><\/div><\/div><\/div><div class=\"fusion-clearfix\"><\/div><\/div><div class=\"fusion-clearfix\"><\/div><\/div><\/div><div class=\"fusion-layout-column fusion_builder_column fusion-builder-column-15 fusion_builder_column_1_3 1_3 fusion-one-third\" style=\"--awb-bg-size:cover;width:33.333333333333%;width:calc(33.333333333333% - ( ( 4% + 4% ) * 0.33333333333333 ) );margin-right: 4%;\"><div class=\"fusion-column-wrapper fusion-flex-column-wrapper-legacy\"><div class=\"fusion-content-boxes content-boxes columns row fusion-columns-1 fusion-columns-total-1 fusion-content-boxes-2 content-boxes-clean-vertical content-left content-boxes-icon-on-top AsignarMismaAlturaContentBoxSeguridadInformatica2\" style=\"--awb-iconcolor:#5f616f;--awb-hover-accent-color:#d60707;--awb-circle-hover-accent-color:transparent;--awb-item-margin-bottom:40px;\" data-animationOffset=\"top-into-view\"><div style=\"--awb-backgroundcolor:#ffffff;--awb-iconcolor:#5f616f;border-color:rgba(255,255,255,0);\" class=\"fusion-column content-box-column content-box-column content-box-column-1 col-lg-12 col-md-12 col-sm-12 fusion-content-box-hover content-box-column-last content-box-column-last-in-row\"><div class=\"col content-box-wrapper content-wrapper-background link-area-link-icon link-type-button-bar icon-hover-animation-slide\" data-animationOffset=\"top-into-view\"><div class=\"heading heading-with-icon icon-left\"><a class=\"heading-link\" href=\"https:\/\/www.exartia.net\/ca\/seguretat-informatica\/assessorament-regulador\/\" target=\"_self\"><div aria-hidden=\"true\" class=\"image\"><img decoding=\"async\" src=\"https:\/\/www.exartia.net\/wp-content\/uploads\/AsesoramientoRegulatorio.jpg\" width=\"300\" height=\"168.9\" alt=\"\" \/><\/div><h2 class=\"content-box-heading\" style=\"--h2_typography-font-size:18px;line-height:23px;\">Assessorament Regulador<\/h2><\/a><\/div><div class=\"fusion-clearfix\"><\/div><div class=\"content-container\">\n<p style=\"text-align: left;\">Projectes que contemplen com afecta qualsevol tipus de llei o norma (ja sigui nacional o internacional) als sistemes d&#8217;informaci\u00f3, i ajuden l&#8217;Entitat a adaptar-se al seu compliment. Entre aquestes destaquen la RGPD, LSSI-CE, LMISI, PCI-DSS, SOX, Basilea II, etc.<\/p>\n<\/div><div class=\"fusion-clearfix\"><\/div><a class=\" fusion-read-more fusion-button-bar\" href=\"https:\/\/www.exartia.net\/ca\/seguretat-informatica\/assessorament-regulador\/\" target=\"_self\">M\u00e9s informaci\u00f3<\/a><div class=\"fusion-clearfix\"><\/div><\/div><\/div><div class=\"fusion-clearfix\"><\/div><\/div><div class=\"fusion-clearfix\"><\/div><\/div><\/div><div class=\"fusion-layout-column fusion_builder_column fusion-builder-column-16 fusion_builder_column_1_3 1_3 fusion-one-third fusion-column-last\" style=\"--awb-bg-size:cover;width:33.333333333333%;width:calc(33.333333333333% - ( ( 4% + 4% ) * 0.33333333333333 ) );\"><div class=\"fusion-column-wrapper fusion-flex-column-wrapper-legacy\"><div class=\"fusion-content-boxes content-boxes columns row fusion-columns-1 fusion-columns-total-1 fusion-content-boxes-3 content-boxes-clean-vertical content-left content-boxes-icon-on-top AsignarMismaAlturaContentBoxSeguridadInformatica2\" style=\"--awb-iconcolor:#5f616f;--awb-hover-accent-color:#d60707;--awb-circle-hover-accent-color:transparent;--awb-item-margin-bottom:40px;\" data-animationOffset=\"top-into-view\"><div style=\"--awb-backgroundcolor:#ffffff;--awb-iconcolor:#5f616f;border-color:rgba(255,255,255,0);\" class=\"fusion-column content-box-column content-box-column content-box-column-1 col-lg-12 col-md-12 col-sm-12 fusion-content-box-hover content-box-column-last content-box-column-last-in-row\"><div class=\"col content-box-wrapper content-wrapper-background link-area-link-icon link-type-button-bar icon-hover-animation-slide\" data-animationOffset=\"top-into-view\"><div class=\"heading heading-with-icon icon-left\"><a class=\"heading-link\" href=\"https:\/\/www.exartia.net\/ca\/seguretat-informatica\/seguretat-tecnica-avancada\/\" target=\"_self\"><div aria-hidden=\"true\" class=\"image\"><img decoding=\"async\" src=\"https:\/\/www.exartia.net\/wp-content\/uploads\/SeguridadTecnicaAvanzada.jpg\" width=\"300\" height=\"140.7\" alt=\"\" \/><\/div><h2 class=\"content-box-heading\" style=\"--h2_typography-font-size:18px;line-height:23px;\">Seguretat T\u00e8cnica Avan\u00e7ada<\/h2><\/a><\/div><div class=\"fusion-clearfix\"><\/div><div class=\"content-container\">\n<p style=\"text-align: left;\">Treballs espec\u00edfics, amb un elevat component t\u00e8cnic, que ajuden a detectar i solucionar els principals problemes t\u00e8cnics dels actius inform\u00e0tics. Entre ells, destaquen projectes de Hacking \u00c8tic, Desenvolupament Segur, An\u00e0lisi Forense, Bastionat, o Antiphishing.<\/p>\n<\/div><div class=\"fusion-clearfix\"><\/div><a class=\" fusion-read-more fusion-button-bar\" href=\"https:\/\/www.exartia.net\/ca\/seguretat-informatica\/seguretat-tecnica-avancada\/\" target=\"_self\">M\u00e9s informaci\u00f3<\/a><div class=\"fusion-clearfix\"><\/div><\/div><\/div><div class=\"fusion-clearfix\"><\/div><\/div><div class=\"fusion-clearfix\"><\/div><\/div><\/div><\/div><\/div><\/p>\n","protected":false},"excerpt":{"rendered":"","protected":false},"author":1,"featured_media":0,"parent":4223,"menu_order":0,"comment_status":"closed","ping_status":"closed","template":"100-width.php","meta":{"footnotes":""},"class_list":["post-4238","page","type-page","status-publish","hentry"],"_links":{"self":[{"href":"https:\/\/www.exartia.net\/ca\/wp-json\/wp\/v2\/pages\/4238","targetHints":{"allow":["GET"]}}],"collection":[{"href":"https:\/\/www.exartia.net\/ca\/wp-json\/wp\/v2\/pages"}],"about":[{"href":"https:\/\/www.exartia.net\/ca\/wp-json\/wp\/v2\/types\/page"}],"author":[{"embeddable":true,"href":"https:\/\/www.exartia.net\/ca\/wp-json\/wp\/v2\/users\/1"}],"replies":[{"embeddable":true,"href":"https:\/\/www.exartia.net\/ca\/wp-json\/wp\/v2\/comments?post=4238"}],"version-history":[{"count":9,"href":"https:\/\/www.exartia.net\/ca\/wp-json\/wp\/v2\/pages\/4238\/revisions"}],"predecessor-version":[{"id":4317,"href":"https:\/\/www.exartia.net\/ca\/wp-json\/wp\/v2\/pages\/4238\/revisions\/4317"}],"up":[{"embeddable":true,"href":"https:\/\/www.exartia.net\/ca\/wp-json\/wp\/v2\/pages\/4223"}],"wp:attachment":[{"href":"https:\/\/www.exartia.net\/ca\/wp-json\/wp\/v2\/media?parent=4238"}],"curies":[{"name":"wp","href":"https:\/\/api.w.org\/{rel}","templated":true}]}}