{"id":4132,"date":"2021-09-14T16:31:54","date_gmt":"2021-09-14T14:31:54","guid":{"rendered":"https:\/\/www.exartia.net\/?page_id=4132"},"modified":"2021-09-14T17:27:36","modified_gmt":"2021-09-14T15:27:36","slug":"equip-professional","status":"publish","type":"page","link":"https:\/\/www.exartia.net\/ca\/compliment-legal\/adequacio-al-rgpd-lopdgdd\/equip-professional\/","title":{"rendered":"Equip Professional"},"content":{"rendered":"<p><div class=\"fusion-fullwidth fullwidth-box fusion-builder-row-1 fusion-parallax-none nonhundred-percent-fullwidth non-hundred-percent-height-scrolling\" style=\"--awb-border-radius-top-left:0px;--awb-border-radius-top-right:0px;--awb-border-radius-bottom-right:0px;--awb-border-radius-bottom-left:0px;--awb-padding-top:200px;--awb-padding-bottom:200px;--awb-margin-top:0px;--awb-margin-bottom:0px;--awb-background-color:#eeeeee;--awb-background-image:url(&quot;https:\/\/www.exartia.net\/wp-content\/uploads\/EquipoProfesional.jpg&quot;);--awb-background-size:cover;--awb-flex-wrap:wrap;\" ><div class=\"fusion-builder-row fusion-row\"><div class=\"fusion-layout-column fusion_builder_column fusion-builder-column-0 fusion_builder_column_1_6 1_6 fusion-one-sixth fusion-column-first fusion-no-small-visibility\" style=\"--awb-bg-size:cover;width:16.666666666667%;width:calc(16.666666666667% - ( ( 4% + 4% ) * 0.16666666666667 ) );margin-right: 4%;\"><div class=\"fusion-column-wrapper fusion-flex-column-wrapper-legacy\"><div class=\"fusion-clearfix\"><\/div><\/div><\/div><div class=\"fusion-layout-column fusion_builder_column fusion-builder-column-1 fusion_builder_column_2_3 2_3 fusion-two-third fusion-animated\" style=\"--awb-bg-size:cover;--awb-margin-top:40px;--awb-margin-bottom:0px;width:66.666666666667%;width:calc(66.666666666667% - ( ( 4% + 4% ) * 0.66666666666667 ) );margin-right: 4%;\" data-animationType=\"zoomIn\" data-animationDuration=\"0.9\" data-animationOffset=\"top-into-view\"><div class=\"fusion-column-wrapper fusion-flex-column-wrapper-legacy\"><div class=\"fusion-clearfix\"><\/div><\/div><\/div><div class=\"fusion-layout-column fusion_builder_column fusion-builder-column-2 fusion_builder_column_1_6 1_6 fusion-one-sixth fusion-column-last fusion-no-small-visibility\" style=\"--awb-bg-size:cover;width:16.666666666667%;width:calc(16.666666666667% - ( ( 4% + 4% ) * 0.16666666666667 ) );\"><div class=\"fusion-column-wrapper fusion-flex-column-wrapper-legacy\"><div class=\"fusion-clearfix\"><\/div><\/div><\/div><\/div><\/div><div class=\"fusion-fullwidth fullwidth-box fusion-builder-row-2 nonhundred-percent-fullwidth non-hundred-percent-height-scrolling\" style=\"--awb-border-radius-top-left:0px;--awb-border-radius-top-right:0px;--awb-border-radius-bottom-right:0px;--awb-border-radius-bottom-left:0px;--awb-flex-wrap:wrap;\" ><div class=\"fusion-builder-row fusion-row\"><div class=\"fusion-layout-column fusion_builder_column fusion-builder-column-3 fusion_builder_column_1_1 1_1 fusion-one-full fusion-column-first fusion-column-last\" style=\"--awb-bg-size:cover;\"><div class=\"fusion-column-wrapper fusion-flex-column-wrapper-legacy\"><div class=\"fusion-title title fusion-title-1 fusion-sep-none fusion-title-center fusion-title-text fusion-title-size-one\" style=\"--awb-margin-top:40px;--awb-font-size:30px;\"><h1 class=\"fusion-title-heading title-heading-center\" style=\"margin:0;font-size:1em;\">Equip Professional<\/h1><\/div><div class=\"fusion-clearfix\"><\/div><\/div><\/div><\/div><\/div><div class=\"fusion-fullwidth fullwidth-box fusion-builder-row-3 nonhundred-percent-fullwidth non-hundred-percent-height-scrolling\" style=\"--awb-border-radius-top-left:0px;--awb-border-radius-top-right:0px;--awb-border-radius-bottom-right:0px;--awb-border-radius-bottom-left:0px;--awb-padding-bottom:40px;--awb-background-color:#ffffff;--awb-flex-wrap:wrap;\" ><div class=\"fusion-builder-row fusion-row\"><div class=\"fusion-layout-column fusion_builder_column fusion-builder-column-4 fusion_builder_column_1_2 1_2 fusion-one-half fusion-column-first\" style=\"--awb-bg-size:cover;width:50%;width:calc(50% - ( ( 4% ) * 0.5 ) );margin-right: 4%;\"><div class=\"fusion-column-wrapper fusion-flex-column-wrapper-legacy\"><div class=\"fusion-text fusion-text-1\"><p><span style=\"color: #d60707;\">Professionalitat Certificada. <\/span>El nostre equip est\u00e0 format per Auditors certificats internacionalment en Sistemes d&#8217;Informaci\u00f3 (CISA) per ISACA, organitzaci\u00f3 que regula a nivell mundial els requisits necessaris per a exercir com a auditor inform\u00e0tic.<\/p>\n<p><span style=\"color: #d60707;\">Especialitzaci\u00f3.<\/span> Som experts en la prestaci\u00f3 de serveis relacionats amb la seguretat de les tecnologies de la informaci\u00f3 de l&#8217;empresa i comptem amb la millor metodologia pr\u00f2pia per a aix\u00f2.<\/p>\n<p><span style=\"color: #d60707;\">Experi\u00e8ncia.<\/span> EXARTIA acumula m\u00e9s de 15 anys d&#8217;experi\u00e8ncia contrastada en Auditoria Inform\u00e0tica, seguretat de la informaci\u00f3 i gesti\u00f3 del risc tecnol\u00f2gic. Actualment compta amb el bagatge m\u00e9s ampli i professional del sector.<\/p>\n<\/div><div class=\"fusion-clearfix\"><\/div><\/div><\/div><div class=\"fusion-layout-column fusion_builder_column fusion-builder-column-5 fusion_builder_column_1_2 1_2 fusion-one-half fusion-column-last\" style=\"--awb-bg-size:cover;width:50%;width:calc(50% - ( ( 4% ) * 0.5 ) );\"><div class=\"fusion-column-wrapper fusion-flex-column-wrapper-legacy\"><div class=\"fusion-text fusion-text-2\"><p><span style=\"color: #d60707;\">\u00danic interlocutor.<\/span> \u00danic prove\u00efdor. Posem a la seva disposici\u00f3 els millors auditors inform\u00e0tics i advocats especialistes en tecnologies de la informaci\u00f3. M\u00e0xima facilitat amb atenci\u00f3 personalitzada.<\/p>\n<p><span style=\"color: #d60707;\">Garanties.<\/span> Perqu\u00e8 compta amb una empresa de reconegut prestigi. Perqu\u00e8 documentarem detalladament la seva correcta Adequaci\u00f3 al Reglament General de Protecci\u00f3 de Dades (RGPD\/GDPR) i la Llei org\u00e0nica de Protecci\u00f3 de Dades Personals i Garantia dels Drets Digitals (LOPDGDD).<\/p>\n<\/div><div class=\"fusion-clearfix\"><\/div><\/div><\/div><\/div><\/div><div class=\"fusion-fullwidth fullwidth-box fusion-builder-row-4 nonhundred-percent-fullwidth non-hundred-percent-height-scrolling\" style=\"--awb-border-radius-top-left:0px;--awb-border-radius-top-right:0px;--awb-border-radius-bottom-right:0px;--awb-border-radius-bottom-left:0px;--awb-padding-top:40px;--awb-background-color:#e5e5e5;--awb-flex-wrap:wrap;\" ><div class=\"fusion-builder-row fusion-row\"><div class=\"fusion-layout-column fusion_builder_column fusion-builder-column-6 fusion_builder_column_1_3 1_3 fusion-one-third fusion-column-first\" style=\"--awb-bg-size:cover;width:33.333333333333%;width:calc(33.333333333333% - ( ( 4% + 4% ) * 0.33333333333333 ) );margin-right: 4%;\"><div class=\"fusion-column-wrapper fusion-flex-column-wrapper-legacy\"><div class=\"fusion-content-boxes content-boxes columns row fusion-columns-1 fusion-columns-total-1 fusion-content-boxes-1 content-boxes-clean-vertical content-left content-boxes-icon-on-top AsignarMismaAlturaContentBoxEquipoProfesional\" style=\"--awb-iconcolor:#5f616f;--awb-hover-accent-color:#d60707;--awb-circle-hover-accent-color:transparent;--awb-item-margin-bottom:40px;\" data-animationOffset=\"top-into-view\"><div style=\"--awb-backgroundcolor:#ffffff;--awb-iconcolor:#5f616f;border-color:rgba(255,255,255,0);\" class=\"fusion-column content-box-column content-box-column content-box-column-1 col-lg-12 col-md-12 col-sm-12 fusion-content-box-hover content-box-column-last content-box-column-last-in-row\"><div class=\"col content-box-wrapper content-wrapper-background link-area-link-icon link-type-button-bar icon-hover-animation-slide\" data-animationOffset=\"top-into-view\"><div class=\"heading heading-with-icon icon-left\"><a class=\"heading-link\" href=\"https:\/\/www.exartia.net\/ca\/compliment-legal\/adequacio-al-rgpd-lopdgdd\/parlem-del-rgpd-lopdgdd\/\" target=\"_self\"><div aria-hidden=\"true\" class=\"image\"><img decoding=\"async\" src=\"https:\/\/www.exartia.net\/wp-content\/uploads\/Adecuacion-RGPD-LOPDGDD-Home.jpg\" width=\"300\" height=\"168.75\" alt=\"Adequaci\u00f3 al RGPD i a la LOPDGDD\" \/><\/div><h2 class=\"content-box-heading\" style=\"--h2_typography-font-size:18px;line-height:23px;\">Parlem del RGPD-LOPDGDD<\/h2><\/a><\/div><div class=\"fusion-clearfix\"><\/div><div class=\"content-container\">\n<p style=\"text-align: left;\">Tota companyia, independentment de la seva grand\u00e0ria o sector, ha de controlar i gestionar adequadament les dades de car\u00e0cter personal amb els quals treballa. Confi\u00ef en l&#8217;experi\u00e8ncia dels nostres experts en la implantaci\u00f3 de l&#8217;Adequaci\u00f3 del RGPD-LOPDGDD.<\/p>\n<\/div><div class=\"fusion-clearfix\"><\/div><a class=\" fusion-read-more fusion-button-bar\" href=\"https:\/\/www.exartia.net\/ca\/compliment-legal\/adequacio-al-rgpd-lopdgdd\/parlem-del-rgpd-lopdgdd\/\" target=\"_self\">M\u00e9s informaci\u00f3<\/a><div class=\"fusion-clearfix\"><\/div><\/div><\/div><div class=\"fusion-clearfix\"><\/div><\/div><div class=\"fusion-clearfix\"><\/div><\/div><\/div><div class=\"fusion-layout-column fusion_builder_column fusion-builder-column-7 fusion_builder_column_1_3 1_3 fusion-one-third\" style=\"--awb-bg-size:cover;width:33.333333333333%;width:calc(33.333333333333% - ( ( 4% + 4% ) * 0.33333333333333 ) );margin-right: 4%;\"><div class=\"fusion-column-wrapper fusion-flex-column-wrapper-legacy\"><div class=\"fusion-content-boxes content-boxes columns row fusion-columns-1 fusion-columns-total-1 fusion-content-boxes-2 content-boxes-clean-vertical content-left content-boxes-icon-on-top AsignarMismaAlturaContentBoxEquipoProfesional\" style=\"--awb-iconcolor:#5f616f;--awb-hover-accent-color:#d60707;--awb-circle-hover-accent-color:transparent;--awb-item-margin-bottom:40px;\" data-animationOffset=\"top-into-view\"><div style=\"--awb-backgroundcolor:#ffffff;--awb-iconcolor:#5f616f;border-color:rgba(255,255,255,0);\" class=\"fusion-column content-box-column content-box-column content-box-column-1 col-lg-12 col-md-12 col-sm-12 fusion-content-box-hover content-box-column-last content-box-column-last-in-row\"><div class=\"col content-box-wrapper content-wrapper-background link-area-link-icon link-type-button-bar icon-hover-animation-slide\" data-animationOffset=\"top-into-view\"><div class=\"heading heading-with-icon icon-left\"><a class=\"heading-link\" href=\"https:\/\/www.exartia.net\/ca\/compliment-legal\/adequacio-al-rgpd-lopdgdd\/els-nostres-objectius-i-metodologia\/\" target=\"_self\"><div aria-hidden=\"true\" class=\"image\"><img decoding=\"async\" src=\"https:\/\/www.exartia.net\/wp-content\/uploads\/NuestrosObjetivosMetodologia.jpg\" width=\"300\" height=\"165.15\" alt=\"Els nostres Objectius i Metodologia RGPD-LOPDGDD\" \/><\/div><h2 class=\"content-box-heading\" style=\"--h2_typography-font-size:18px;line-height:23px;\">Els nostres Objectius i Metodologia<\/h2><\/a><\/div><div class=\"fusion-clearfix\"><\/div><div class=\"content-container\">\n<p style=\"text-align: left;\">Minimitzar els riscos de sancions a la seva empresa (fins a 20.000.000 euros), en un panorama d&#8217;increment continuat d&#8217;inspeccions. La metodologia pr\u00f2pia \u00e9s el que ens fa diferents. Per a protegir les seves dades i els seus interessos, posem al seu abast les t\u00e8cniques i recursos m\u00e9s especialitzats i competitius del mercat.<\/p>\n<\/div><div class=\"fusion-clearfix\"><\/div><a class=\" fusion-read-more fusion-button-bar\" href=\"https:\/\/www.exartia.net\/ca\/compliment-legal\/adequacio-al-rgpd-lopdgdd\/els-nostres-objectius-i-metodologia\/\" target=\"_self\">M\u00e9s informaci\u00f3<\/a><div class=\"fusion-clearfix\"><\/div><\/div><\/div><div class=\"fusion-clearfix\"><\/div><\/div><div class=\"fusion-clearfix\"><\/div><\/div><\/div><div class=\"fusion-layout-column fusion_builder_column fusion-builder-column-8 fusion_builder_column_1_3 1_3 fusion-one-third fusion-column-last\" style=\"--awb-bg-size:cover;width:33.333333333333%;width:calc(33.333333333333% - ( ( 4% + 4% ) * 0.33333333333333 ) );\"><div class=\"fusion-column-wrapper fusion-flex-column-wrapper-legacy\"><div class=\"fusion-content-boxes content-boxes columns row fusion-columns-1 fusion-columns-total-1 fusion-content-boxes-3 content-boxes-clean-vertical content-left content-boxes-icon-on-top AsignarMismaAlturaContentBoxEquipoProfesional\" style=\"--awb-iconcolor:#5f616f;--awb-hover-accent-color:#d60707;--awb-circle-hover-accent-color:transparent;--awb-item-margin-bottom:40px;\" data-animationOffset=\"top-into-view\"><div style=\"--awb-backgroundcolor:#ffffff;--awb-iconcolor:#5f616f;border-color:rgba(255,255,255,0);\" class=\"fusion-column content-box-column content-box-column content-box-column-1 col-lg-12 col-md-12 col-sm-12 fusion-content-box-hover content-box-column-last content-box-column-last-in-row\"><div class=\"col content-box-wrapper content-wrapper-background link-area-link-icon link-type-button-bar icon-hover-animation-slide\" data-animationOffset=\"top-into-view\"><div class=\"heading heading-with-icon icon-left\"><a class=\"heading-link\" href=\"https:\/\/www.exartia.net\/ca\/compliment-legal\/adequacio-al-rgpd-lopdgdd\/serveis-de-dpo\/\" target=\"_self\"><div aria-hidden=\"true\" class=\"image\"><img decoding=\"async\" src=\"https:\/\/www.exartia.net\/wp-content\/uploads\/ServiciosDPO.jpg\" width=\"300\" height=\"165\" alt=\"Servei de Delegat de Protecci\u00f3 de Dades (DPO)\" \/><\/div><h2 class=\"content-box-heading\" style=\"--h2_typography-font-size:18px;line-height:23px;\">Serveis de DPO<\/h2><\/a><\/div><div class=\"fusion-clearfix\"><\/div><div class=\"content-container\">\n<p style=\"text-align: left;\">Externalitzi amb nosaltres les seves necessitats de Delegat de Protecci\u00f3 de Dades.<br \/>En Exartia Auditors Inform\u00e0tics tenim tot el coneixement i l&#8217;experi\u00e8ncia necess\u00e0ria per a cobrir aquest servei.<\/p>\n<\/div><div class=\"fusion-clearfix\"><\/div><a class=\" fusion-read-more fusion-button-bar\" href=\"https:\/\/www.exartia.net\/ca\/compliment-legal\/adequacio-al-rgpd-lopdgdd\/serveis-de-dpo\/\" target=\"_self\">M\u00e9s informaci\u00f3<\/a><div class=\"fusion-clearfix\"><\/div><\/div><\/div><div class=\"fusion-clearfix\"><\/div><\/div><div class=\"fusion-clearfix\"><\/div><\/div><\/div><\/div><\/div><\/p>\n","protected":false},"excerpt":{"rendered":"","protected":false},"author":1,"featured_media":0,"parent":4123,"menu_order":0,"comment_status":"closed","ping_status":"closed","template":"100-width.php","meta":{"footnotes":""},"class_list":["post-4132","page","type-page","status-publish","hentry"],"_links":{"self":[{"href":"https:\/\/www.exartia.net\/ca\/wp-json\/wp\/v2\/pages\/4132","targetHints":{"allow":["GET"]}}],"collection":[{"href":"https:\/\/www.exartia.net\/ca\/wp-json\/wp\/v2\/pages"}],"about":[{"href":"https:\/\/www.exartia.net\/ca\/wp-json\/wp\/v2\/types\/page"}],"author":[{"embeddable":true,"href":"https:\/\/www.exartia.net\/ca\/wp-json\/wp\/v2\/users\/1"}],"replies":[{"embeddable":true,"href":"https:\/\/www.exartia.net\/ca\/wp-json\/wp\/v2\/comments?post=4132"}],"version-history":[{"count":6,"href":"https:\/\/www.exartia.net\/ca\/wp-json\/wp\/v2\/pages\/4132\/revisions"}],"predecessor-version":[{"id":4167,"href":"https:\/\/www.exartia.net\/ca\/wp-json\/wp\/v2\/pages\/4132\/revisions\/4167"}],"up":[{"embeddable":true,"href":"https:\/\/www.exartia.net\/ca\/wp-json\/wp\/v2\/pages\/4123"}],"wp:attachment":[{"href":"https:\/\/www.exartia.net\/ca\/wp-json\/wp\/v2\/media?parent=4132"}],"curies":[{"name":"wp","href":"https:\/\/api.w.org\/{rel}","templated":true}]}}