{"id":1752,"date":"2026-04-27T12:03:36","date_gmt":"2026-04-27T10:03:36","guid":{"rendered":"https:\/\/www.exartia.net\/politica-de-cookies\/"},"modified":"2026-05-02T13:52:38","modified_gmt":"2026-05-02T11:52:38","slug":"politica-de-cookies","status":"publish","type":"page","link":"https:\/\/www.exartia.net\/ca\/politica-de-cookies\/","title":{"rendered":"Pol\u00edtica de cookies"},"content":{"rendered":"\t\t<div data-elementor-type=\"wp-page\" data-elementor-id=\"1752\" class=\"elementor elementor-1752 elementor-684\" data-elementor-post-type=\"page\">\n\t\t\t\t\t\t<section class=\"elementor-section elementor-top-section elementor-element elementor-element-6d836f9 elementor-section-content-middle elementor-section-boxed elementor-section-height-default elementor-section-height-default\" data-id=\"6d836f9\" data-element_type=\"section\" data-e-type=\"section\" data-settings=\"{&quot;background_background&quot;:&quot;gradient&quot;}\">\n\t\t\t\t\t\t\t<div class=\"elementor-background-overlay\"><\/div>\n\t\t\t\t\t\t\t<div class=\"elementor-container elementor-column-gap-default\">\n\t\t\t\t\t<div class=\"elementor-column elementor-col-100 elementor-top-column elementor-element elementor-element-9931c15\" data-id=\"9931c15\" data-element_type=\"column\" data-e-type=\"column\">\n\t\t\t<div class=\"elementor-widget-wrap elementor-element-populated\">\n\t\t\t\t\t\t<section class=\"elementor-section elementor-inner-section elementor-element elementor-element-1d4679a elementor-section-boxed elementor-section-height-default elementor-section-height-default\" data-id=\"1d4679a\" data-element_type=\"section\" data-e-type=\"section\">\n\t\t\t\t\t\t<div class=\"elementor-container elementor-column-gap-default\">\n\t\t\t\t\t<div class=\"elementor-column elementor-col-100 elementor-inner-column elementor-element elementor-element-530f6c3\" data-id=\"530f6c3\" data-element_type=\"column\" data-e-type=\"column\">\n\t\t\t<div class=\"elementor-widget-wrap elementor-element-populated\">\n\t\t\t\t\t\t<div class=\"elementor-element elementor-element-c714865 elementor-invisible elementor-widget elementor-widget-heading\" data-id=\"c714865\" data-element_type=\"widget\" data-e-type=\"widget\" data-settings=\"{&quot;_animation&quot;:&quot;fadeInUp&quot;}\" data-widget_type=\"heading.default\">\n\t\t\t\t\t<h2 class=\"elementor-heading-title elementor-size-default\">Pol\u00edtica de cookies<\/h2>\t\t\t\t<\/div>\n\t\t\t\t\t<\/div>\n\t\t<\/div>\n\t\t\t\t\t<\/div>\n\t\t<\/section>\n\t\t\t\t\t<\/div>\n\t\t<\/div>\n\t\t\t\t\t<\/div>\n\t\t<\/section>\n\t\t<div class=\"elementor-element elementor-element-4d37555 e-flex e-con-boxed e-con e-parent\" data-id=\"4d37555\" data-element_type=\"container\" data-e-type=\"container\">\n\t\t\t\t\t<div class=\"e-con-inner\">\n\t\t\t\t<div class=\"elementor-element elementor-element-c7f2c7d elementor-widget elementor-widget-text-editor\" data-id=\"c7f2c7d\" data-element_type=\"widget\" data-e-type=\"widget\" data-widget_type=\"text-editor.default\">\n\t\t\t\t\t\t\t\t\t<p>La Declaraci\u00f3 de Cookies forma part essencial de les normes i pol\u00edtiques de privacitat del lloc web de Exartia Auditores Inform\u00e1ticos, S.L., que d&#8217;ara endavant direm &#8220;Lloc web&#8221;. En accedir o navegar en el Lloc web, o en utilitzar els seus serveis, vost\u00e8 est\u00e0 acceptant autom\u00e0ticament els termes i condicions establerts en les nostres regles i pol\u00edtiques legals.<\/p><p>Perqu\u00e8 la teva experi\u00e8ncia de navegaci\u00f3 en el nostre Lloc web sigui m\u00e9s senzilla i efectiva, volem informar-li que Exartia Auditores Inform\u00e1ticos, S.L., l&#8217;entitat titular, amb n\u00famero d&#8217;identificaci\u00f3 fiscal B64857691 i amb seu a Ametller, 1, 4-1, 08906 Hospitalet de Llobregat, Barcelona, fa \u00fas de cookies que emmagatzemen i recuperen informaci\u00f3 de manera similar, que anomenarem &#8220;cookies&#8221; d&#8217;ara endavant.<\/p><p>En aquesta l\u00ednia, i amb la intenci\u00f3 de proporcionar-li tota la informaci\u00f3 necess\u00e0ria perqu\u00e8 pugui navegar amb confian\u00e7a, posem a la teva disposici\u00f3 el seg\u00fcent resum informatiu que explica qu\u00e8 s\u00f3n les cookies, quins tipus de cookies emprem en el nostre Lloc web, i com pot configurar-les o desactivar-les a la seva elecci\u00f3.<\/p><p>La present pol\u00edtica de cookies va ser modificada el 01\/05\/2026.<\/p><h4>QU\u00c8 \u00c9S UNA COOKIE?<\/h4><p>Una cookie \u00e9s un petit fragment de dades, generalment en forma d&#8217;arxius de text, que un lloc web sol\u00b7licita al seu navegador perqu\u00e8 s\u2019emmagatzemi en el seu dispositiu. Aquestes cookies serveixen per a recordar informaci\u00f3 sobre vost\u00e8, com les seves prefer\u00e8ncies d&#8217;idioma o detalls per a iniciar sessi\u00f3.<\/p><p>Les cookies exerceixen un paper fonamental en el funcionament d&#8217;internet en proporcionar solucions t\u00e8cniques que faciliten la navegaci\u00f3 de l&#8217;usuari en diversos llocs web. \u00c9s important destacar que no causen mal a l&#8217;equip o dispositiu de l&#8217;usuari. Quan estan habilitades en la configuraci\u00f3 del navegador, tamb\u00e9 contribueixen a identificar i solucionar possibles problemes de funcionament en el lloc web. A m\u00e9s de la seva funci\u00f3 t\u00e8cnica, les cookies poden tenir aplicacions en l&#8217;\u00e0mbit publicitari i anal\u00edtic.<\/p><h4>\u00daS DE COOKIES PER PART DEL TITULAR DE LA P\u00c0GINA WEB<\/h4><p>Exartia Auditores Inform\u00e1ticos, S.L. empra tant cookies pr\u00f2pies, que s\u00f3n creades directament pel nostre domini, com cookies de tercers, que provenen de llocs web externs no afiliats a Exartia Auditores Inform\u00e1ticos, S.L. i s\u00f3n propietat de terceres empreses. Aquestes cookies s&#8217;utilitzen per als fins espec\u00edfics que es descriuen a continuaci\u00f3. En cas que en el futur decidim implementar altres cookies amb l&#8217;objectiu de millorar els nostres serveis, informarem els usuaris sobre aquest tema en la present pol\u00edtica, per la qual cosa li aconsellem visitar peri\u00f2dicament aquesta p\u00e0gina de Pol\u00edtiques de Cookies.<\/p><h6>COOKIES ESTRICTAMENT NECESS\u00c0RIES<\/h6><p>Es tracta d&#8217;aquelles cookies que permeten als usuaris navegar per una p\u00e0gina web, plataforma o aplicaci\u00f3 i utilitzar diverses opcions i serveis disponibles en ella. Per exemple, aquestes cookies faciliten el control del tr\u00e0nsit i la transfer\u00e8ncia de dades, identifiquen la sessi\u00f3 de l&#8217;usuari, proporcionen acc\u00e9s a seccions d&#8217;acc\u00e9s restringit, recorden els elements d&#8217;una comanda, gestionen el proc\u00e9s de compra, permeten la inscripci\u00f3 en esdeveniments, garanteixen la seguretat durant la navegaci\u00f3, emmagatzemen contingut multim\u00e8dia com a v\u00eddeos o sons, i possibiliten compartir contingut en xarxes socials.<\/p><p>Exartia Auditores Inform\u00e1ticos, S.L. no requereix el seu consentiment per a instal\u00b7lar en el seu dispositiu les cookies necess\u00e0ries que activen les funcions que vost\u00e8 utilitza. El seu \u00fas es justifica per la necessitat de brindar els serveis sol\u00b7licitats. Si decideix desactivar o bloquejar totes les cookies en el seu navegador, \u00e9s possible que la seva experi\u00e8ncia de navegaci\u00f3 en el Lloc web no sigui \u00f2ptima i que algunes de les utilitats del Lloc web no funcionin correctament.<\/p><h6>COOKIES DE FUNCIONALITAT<\/h6><p>Es refereixen a aquelles cookies que permeten als usuaris accedir al servei amb caracter\u00edstiques generals predefinides, considerant les circumst\u00e0ncies del seu dispositiu o eleccions pr\u00e8vies. Aix\u00f2 inclou aspectes com l&#8217;idioma seleccionat, el tipus de lletra i la disposici\u00f3 de les imatges segons si s&#8217;accedeix des d&#8217;una computadora o un dispositiu m\u00f2bil, entre altres.<\/p><p>Les cookies de prefer\u00e8ncies es configuren autom\u00e0ticament quan visita el Lloc web o realitza eleccions de personalitzaci\u00f3. Aix\u00f2 assegura que el contingut s&#8217;adapti a les seves necessitats espec\u00edfiques. Per a l&#8217;\u00fas d&#8217;aquestes cookies, Exartia Auditores Inform\u00e1ticos, S.L. no requereix el seu consentiment, ja que la informaci\u00f3 que es recopila no t\u00e9 un impacte significatiu en la seva privacitat i \u00e9s essencial perqu\u00e8 els nostres continguts resultin atractius, la qual cosa es basa en el nostre inter\u00e8s leg\u00edtim.<\/p><h6>COOKIES DE RENDIMENT<\/h6><p>Aquestes cookies recopilen dades sobre la forma en qu\u00e8 els visitants interactuen amb el lloc web, com les p\u00e0gines m\u00e9s visitades, la detecci\u00f3 de missatges d&#8217;error en les p\u00e0gines web, les seccions a les quals accedeixen i els botons que seleccionen. \u00c9s important destacar que la informaci\u00f3 obtinguda a trav\u00e9s d&#8217;aquestes cookies no permet identificar als visitants; es mant\u00e9 an\u00f2nima en estar agregada. La finalitat d&#8217;aquestes cookies \u00e9s recopilar estad\u00edstiques i informes que serveixen per a millorar el rendiment del lloc web.<\/p><p>Aix\u00ed mateix, l&#8217;informem que algunes de les cookies anal\u00edtiques utilitzades les proveeix Google Analytics. Pot trobar m\u00e9s informaci\u00f3 sobre les cookies de Google Analytics aqu\u00ed:<\/p><ul><li><a href=\"https:\/\/developers.google.com\/analytics\/resources\/concepts\/gaconceptscookies\">https:\/\/developers.google.com\/analytics\/resources\/concepts\/gaconceptscookies<\/a><\/li><\/ul><p>Pot evitar la utilitzaci\u00f3 de Google Analytics en relaci\u00f3 amb el seu \u00fas en el Lloc web en descarregar i instal\u00b7lar el complement de navegador disponible a trav\u00e9s d&#8217;aquest enlla\u00e7:<\/p><ul><li><a href=\"http:\/\/tools.google.com\/dlpage\/gaoptout?hl=en-gb\">http:\/\/tools.google.com\/dlpage\/gaoptout?hl=en-gb<\/a><\/li><\/ul><h6>COOKIES DIRIGIDES<\/h6><p>Aquestes cookies retenen dades sobre com els usuaris es comporten en l\u00ednia, recopilats mitjan\u00e7ant l&#8217;observaci\u00f3 constant dels seus patrons de navegaci\u00f3. Aix\u00f2 possibilita la creaci\u00f3 de perfils detallats que s&#8217;utilitzen per a personalitzar la publicitat, ja sigui en aquest Lloc web o en altres llocs web de tercers.<\/p><h4>LLISTA DE COOKIES QUE UTILITZA EL LLOC WEB<\/h4><p>El Lloc web de Exartia Auditores Inform\u00e1ticos, S.L., utilitza cookies per als seg\u00fcents prop\u00f2sits:<\/p><h6>COOKIES ESTRICTAMENT NECESS\u00c0RIES<\/h6><p>Aquestes cookies s\u00f3n essencials per al funcionament del lloc web i no poden desactivar-se en els nostres sistemes. En general, s&#8217;ajusten en resposta a les seves accions amb la finalitat de proporcionar-li serveis, com personalitzar les seves prefer\u00e8ncies de privacitat, iniciar sessi\u00f3 en el lloc o completar formularis. Encara que t\u00e9 l&#8217;opci\u00f3 de configurar el seu navegador per a bloquejar o rebre alertes sobre aquestes cookies, \u00e9s important tenir en compte que aix\u00f2 podria afectar el rendiment d&#8217;unes certes parts del lloc web. Si desactiva o bloqueja totes les cookies del seu navegador, pot ser que la seva navegaci\u00f3 pel Lloc web no sigui \u00f2ptima i algunes de les utilitats de qu\u00e8 disposa el Lloc web no funcionin correctament.<\/p><p>\u00c9s important destacar que aquestes cookies no emmagatzemen cap informaci\u00f3 personal identificable.<\/p><p><br \/><strong>www.exartia.net y compliance.exartia.net<\/strong><\/p><table width=\"623\"><tbody><tr><td width=\"199\"><strong>Nom<\/strong><\/td><td width=\"61\"><strong>Tipus<\/strong><\/td><td width=\"75\"><strong>Durada<\/strong><\/td><td width=\"288\"><strong>Descripci\u00f3<\/strong><\/td><\/tr><tr><td width=\"199\"><strong>cmplz_banner-status<\/strong><\/td><td width=\"61\">T\u00e8cnica<\/td><td width=\"75\">1 any<\/td><td width=\"288\">Guarda si l&#8217;usuari ha interactuat amb el b\u00e0ner de cookies<\/td><\/tr><tr><td width=\"199\"><strong>cmplz_consented_services<\/strong><\/td><td width=\"61\">T\u00e8cnica<\/td><td width=\"75\">1 any<\/td><td width=\"288\">Emmagatzema els serveis acceptats per l&#8217;usuari<\/td><\/tr><tr><td width=\"199\"><strong>cmplz_functional<\/strong><\/td><td width=\"61\">T\u00e8cnica<\/td><td width=\"75\">1 any<\/td><td width=\"288\">Registra consentiment per a cookies funcionals<\/td><\/tr><tr><td width=\"199\"><strong>cmplz_marketing<\/strong><\/td><td width=\"61\">T\u00e8cnica<\/td><td width=\"75\">1 any<\/td><td width=\"288\">Registra consentiment per a cookies de m\u00e0rqueting<\/td><\/tr><tr><td width=\"199\"><strong>cmplz_policy_id<\/strong><\/td><td width=\"61\">T\u00e8cnica<\/td><td width=\"75\">1 any<\/td><td width=\"288\">Identificador de la versi\u00f3 de la pol\u00edtica de cookies acceptada<\/td><\/tr><tr><td width=\"199\"><strong>cmplz_preferences<\/strong><\/td><td width=\"61\">T\u00e8cnica<\/td><td width=\"75\">1 any<\/td><td width=\"288\">Guarda prefer\u00e8ncies de consentiment de l&#8217;usuari<\/td><\/tr><tr><td width=\"199\"><strong>cmplz_statistics<\/strong><\/td><td width=\"61\">T\u00e8cnica<\/td><td width=\"75\">1 any<\/td><td width=\"288\">Registra consentiment per a cookies anal\u00edtiques<\/td><\/tr><tr><td width=\"199\"><strong>PHPSESSID<\/strong><\/td><td width=\"61\">T\u00e8cnica<\/td><td width=\"75\">Sessi\u00f3<\/td><td width=\"288\">Identificador de sessi\u00f3 PHP per a mantenir la sessi\u00f3 de l&#8217;usuari<\/td><\/tr><tr><td width=\"199\"><strong>wordpress_logged_in_*<\/strong><\/td><td width=\"61\">T\u00e8cnica<\/td><td width=\"75\">Sessi\u00f3<\/td><td width=\"288\">Indica que l&#8217;usuari est\u00e0 autenticat en WordPress<\/td><\/tr><tr><td width=\"199\"><strong>wordpress_sec_*<\/strong><\/td><td width=\"61\">T\u00e8cnica<\/td><td width=\"75\">Sessi\u00f3<\/td><td width=\"288\">Cookie de seguretat per a autenticaci\u00f3 en WordPress<\/td><\/tr><tr><td width=\"199\"><strong>wordpress_test_cookie<\/strong><\/td><td width=\"61\">T\u00e8cnica<\/td><td width=\"75\">Sessi\u00f3<\/td><td width=\"288\">Verifica si el navegador accepta cookies<\/td><\/tr><\/tbody><\/table><p><strong>training.exartia.net<\/strong><\/p><table width=\"623\"><tbody><tr><td width=\"199\"><strong>Nom<\/strong><\/td><td width=\"61\"><strong>Tipus<\/strong><\/td><td width=\"75\"><strong>Durada<\/strong><\/td><td width=\"288\"><strong>Descripci\u00f3<\/strong><\/td><\/tr><tr><td width=\"199\"><strong>LP<\/strong><\/td><td width=\"61\">T\u00e8cnica<\/td><td width=\"75\">1 any<\/td><td width=\"288\">Identificador de LearnPress<\/td><\/tr><tr><td width=\"199\"><strong>PHPSESSID<\/strong><\/td><td width=\"61\">T\u00e8cnica<\/td><td width=\"75\">Sessi\u00f3<\/td><td width=\"288\">Identificador de sessi\u00f3 PHP per a mantenir la sessi\u00f3 de l&#8217;usuari<\/td><\/tr><tr><td width=\"199\"><strong>wordpress_logged_in_*<\/strong><\/td><td width=\"61\">T\u00e8cnica<\/td><td width=\"75\">Sessi\u00f3<\/td><td width=\"288\">Indica que l&#8217;usuari est\u00e0 autenticat en WordPress<\/td><\/tr><tr><td width=\"199\"><strong>wordpress_sec_*<\/strong><\/td><td width=\"61\">T\u00e8cnica<\/td><td width=\"75\">Sessi\u00f3<\/td><td width=\"288\">Cookie de seguretat per a autenticaci\u00f3 en WordPress<\/td><\/tr><tr><td width=\"199\"><strong>wordpress_test_cookie<\/strong><\/td><td width=\"61\">T\u00e8cnica<\/td><td width=\"75\">Sessi\u00f3<\/td><td width=\"288\">Verifica si el navegador accepta cookies<\/td><\/tr><\/tbody><\/table><h6>COOKIES DE FUNCIONALITAT<\/h6><p>Aquestes cookies possibiliten una major funcionalitat i personalitzaci\u00f3 del lloc. Poden ser configurades tant per nosaltres com per tercers els serveis dels quals hem incorporat a les nostres p\u00e0gines. Si opta per no habilitar aquestes cookies, \u00e9s possible que alguns dels nostres serveis no operin de manera \u00f2ptima.<\/p><p>www.exartia.net y compliance.exartia.net<\/p><table width=\"623\"><tbody><tr><td width=\"216\"><strong>Nom<\/strong><\/td><td width=\"61\"><strong>Tipus<\/strong><\/td><td width=\"74\"><strong>Durada<\/strong><\/td><td width=\"272\"><strong>Descripci\u00f3<\/strong><\/td><\/tr><tr><td width=\"216\"><strong>wp-settings-1<\/strong><\/td><td width=\"61\">T\u00e8cnica<\/td><td width=\"74\">1 any<\/td><td width=\"272\">Emmagatzema prefer\u00e8ncies del panell d&#8217;administraci\u00f3<\/td><\/tr><tr><td width=\"216\"><strong>wp-settings-time-1<\/strong><\/td><td width=\"61\">T\u00e8cnica<\/td><td width=\"74\">1 any<\/td><td width=\"272\">Hora de configuraci\u00f3 de prefer\u00e8ncies de l&#8217;usuari<\/td><\/tr><tr><td width=\"216\"><strong>wp-wpml_current_admin_language<\/strong><\/td><td width=\"61\">T\u00e8cnica<\/td><td width=\"74\">1 any<\/td><td width=\"272\">Guarda idioma de l&#8217;administrador (plugin WPML)<\/td><\/tr><tr><td width=\"216\"><strong>wp-wpml_current_language<\/strong><\/td><td width=\"61\">T\u00e8cnica<\/td><td width=\"74\">1 any<\/td><td width=\"272\">Guarda idioma actual del lloc (plugin WPML)<\/td><\/tr><\/tbody><\/table><h6>COOKIES DE RENDIMENT<\/h6><p>Aquestes cookies ens possibiliten rastrejar les visites i les fonts de tr\u00e0nsit, la qual cosa ens permet avaluar i millorar el rendiment del nostre lloc web. Ens brinden informaci\u00f3 sobre la popularitat relativa de les diferents p\u00e0gines i el nombre de persones que accedeixen al lloc. \u00c9s important destacar que la informaci\u00f3 recopilada per aquestes cookies s&#8217;agrupa i, per tant, es mant\u00e9 an\u00f2nima. Si decideix no permetre aquestes cookies, no podrem determinar quan va visitar el nostre lloc, la qual cosa limitaria la nostra capacitat per a analitzar el seu \u00fas.<\/p><p>www.exartia.net y compliance.exartia.net<\/p><table width=\"623\"><tbody><tr><td width=\"171\"><strong>Nom<\/strong><\/td><td width=\"91\"><strong>Tipus<\/strong><\/td><td width=\"74\"><strong>Durada<\/strong><\/td><td width=\"287\"><strong>Descripci\u00f3<\/strong><\/td><\/tr><tr><td width=\"171\"><strong>_ga<\/strong><\/td><td width=\"91\">Rendimient<\/td><td width=\"74\">2 anys<\/td><td width=\"287\">Distingeix usuaris \u00fanics per a an\u00e0lisi estad\u00edstica del lloc<\/td><\/tr><tr><td width=\"171\"><strong>_gid<\/strong><\/td><td width=\"91\">Rendimient<\/td><td width=\"74\">24 hores<\/td><td width=\"287\">Distingeix usuaris i sessions per a an\u00e0lisis d&#8217;\u00fas<\/td><\/tr><tr><td width=\"171\"><strong>_gat<\/strong><\/td><td width=\"91\">Rendimient<\/td><td width=\"74\">1 minut<\/td><td width=\"287\">Limita sol\u00b7licituds per a optimitzar rendiment del servidor<\/td><\/tr><tr><td width=\"171\"><strong>_gac_*<\/strong><\/td><td width=\"91\">Rendimient<\/td><td width=\"74\">90 dies<\/td><td width=\"287\">Mesura conversions i rendiment de campanyes publicit\u00e0ries<\/td><\/tr><\/tbody><\/table><p>\u00a0<\/p><h4>TERMINIS DE CONSERVACI\u00d3<\/h4><p>Les cookies emprades per Exartia Auditores Inform\u00e1ticos, S.L. romandran en el seu dispositiu durant el per\u00edode requerit per a complir amb el seu prop\u00f2sit original, sense excedir els 2 anys. No obstant aix\u00f2, sempre t\u00e9 l&#8217;opci\u00f3 d&#8217;eliminar-les utilitzant les configuracions del seu navegador, com es detalla en la secci\u00f3 \u201cCOM CONFIGURAR, REBUTJAR O BLOQUEJAR COOKIES\u201d d&#8217;aquesta pol\u00edtica.<\/p><h4>TRANSFER\u00c8NCIES INTERNACIONALS<\/h4><p>Unes certes dades personals recopilades mitjan\u00e7ant cookies de tercers poden ser subjectes a transfer\u00e8ncies internacionals. En aquests casos, volem assegurar-li que s&#8217;implementaran les mesures de seguretat necess\u00e0ries per a preservar la confidencialitat, integritat i disponibilitat d&#8217;aquesta informaci\u00f3. Per a obtenir detalls addicionals sobre les transfer\u00e8ncies internacionals realitzades per cada tercer, li recomanem consultar les pol\u00edtiques de privacitat dels tercers a trav\u00e9s dels enlla\u00e7os proporcionats en el panell de configuraci\u00f3.<\/p><h4>COM CONFIGURAR, REBUTJAR O BLOQUEJAR COOKIES<\/h4><p>Exartia Auditores Inform\u00e1ticos, S.L. ha habilitat un panell de configuraci\u00f3 de les cookies utilitzades en el Lloc web, al qual pot accedir a trav\u00e9s del seg\u00fcent enlla\u00e7. A trav\u00e9s d&#8217;aquesta eina, l&#8217;usuari t\u00e9 l&#8217;opci\u00f3 d&#8217;acceptar totes les cookies, rebutjar-les totes (excepte les t\u00e8cniques necess\u00e0ries per al funcionament del lloc web) o configurar-les de manera gradual.<\/p><p>T\u00e9 l&#8217;opci\u00f3 d&#8217;impedir l&#8217;emmagatzematge de cookies utilitzant les opcions de configuraci\u00f3 del seu navegador. Aix\u00ed mateix, pot ajustar el seu navegador perqu\u00e8 li notifiqui quan un servidor intenti guardar una cookie.<\/p><ul><li>En Microsoft Internet Explorer, trobar\u00e0 l&#8217;opci\u00f3 en el men\u00fa Eines &gt; Opcions d&#8217;Internet &gt; Privacitat &gt; Configuraci\u00f3. Per a saber m\u00e9s visiti:<ul><li><a href=\"http:\/\/windows.microsoft.com\/es-es\/windows-vista\/block-or-allow-Cookies\">http:\/\/windows.microsoft.com\/es-es\/windows-vista\/block-or-allow-Cookies<\/a><\/li><li><a href=\"http:\/\/windows.microsoft.com\/es-es\/windows7\/how-to-manage-Cookies-in-internet-explorer-9\">http:\/\/windows.microsoft.com\/es-es\/windows7\/how-to-manage-Cookies-in-internet-explorer-9<\/a><\/li><\/ul><\/li><li>En Firefox, trobar\u00e0 l&#8217;opci\u00f3 en el men\u00fa Eines &gt; Opcions &gt; Privacitat &gt; Cookies. Per a saber m\u00e9s visiti:<ul><li><a href=\"https:\/\/support.mozilla.org\/es\/kb\/habilitar-y-deshabilitar-cookies-sitios-web-rastrear-preferencias\">https:\/\/support.mozilla.org\/es\/kb\/habilitar-y-deshabilitar-cookies-sitios-web-rastrear-preferencias<\/a><\/li><\/ul><\/li><li>En Chrome, en la secci\u00f3 d&#8217;Opcions &gt; Opcions avan\u00e7ades &gt; Privacitat. Per a saber m\u00e9s:<ul><li><a href=\"https:\/\/support.google.com\/accounts\/answer\/61416?hl=es\">https:\/\/support.google.com\/accounts\/answer\/61416?hl=es<\/a><\/li><\/ul><\/li><li>En Opera, en l&#8217;opci\u00f3 de Seguretat i Privacitat, podr\u00e0 configurar el navegador. Per a saber m\u00e9s visiti:<ul><li><a href=\"http:\/\/help.opera.com\/Windows\/11.50\/es-ES\/cookies.html\">http:\/\/help.opera.com\/Windows\/11.50\/es-ES\/cookies.html<\/a><\/li><\/ul><\/li><li>En Safari trobar\u00e0 l&#8217;opci\u00f3 en el men\u00fa Prefer\u00e8ncies\/Privacitat. Per a saber m\u00e9s visiti:<ul><li><a href=\"http:\/\/support.apple.com\/kb\/HT1677?viewlocale=es_ES\">http:\/\/support.apple.com\/kb\/HT1677?viewlocale=es_ES<\/a><\/li><\/ul><\/li><\/ul><h4>DRETS DELS USUARIS<\/h4><p>Consulti la nostra Pol\u00edtica de Privacitat per a obtenir m\u00e9s informaci\u00f3 sobre com Exartia Auditores Inform\u00e1ticos, S.L. realitza el tractament dels seus daus: <a href=\"https:\/\/www.exartia.net\/politica-de-privacidad\/\">https:\/\/www.exartia.net\/politica-de-privacidad\/<\/a><\/p><p>\u00a0<\/p><p>\u00a0<\/p><p>\u00a0<\/p><p>\u00a0<\/p>\t\t\t\t\t\t\t\t<\/div>\n\t\t\t\t\t<\/div>\n\t\t\t\t<\/div>\n\t\t\t\t<\/div>\n\t\t","protected":false},"excerpt":{"rendered":"<p>Pol\u00edtica de cookies La Declaraci\u00f3 de Cookies forma part essencial de les normes i pol\u00edtiques de privacitat del lloc web de Exartia Auditores Inform\u00e1ticos, S.L., que d&#8217;ara endavant direm &#8220;Lloc web&#8221;. En accedir o navegar en el Lloc web, o en utilitzar els seus serveis, vost\u00e8 est\u00e0 acceptant autom\u00e0ticament els termes i condicions establerts en [&hellip;]<\/p>\n","protected":false},"author":2,"featured_media":0,"parent":0,"menu_order":0,"comment_status":"closed","ping_status":"closed","template":"elementor_header_footer","meta":{"footnotes":""},"class_list":["post-1752","page","type-page","status-publish","hentry"],"_links":{"self":[{"href":"https:\/\/www.exartia.net\/ca\/wp-json\/wp\/v2\/pages\/1752","targetHints":{"allow":["GET"]}}],"collection":[{"href":"https:\/\/www.exartia.net\/ca\/wp-json\/wp\/v2\/pages"}],"about":[{"href":"https:\/\/www.exartia.net\/ca\/wp-json\/wp\/v2\/types\/page"}],"author":[{"embeddable":true,"href":"https:\/\/www.exartia.net\/ca\/wp-json\/wp\/v2\/users\/2"}],"replies":[{"embeddable":true,"href":"https:\/\/www.exartia.net\/ca\/wp-json\/wp\/v2\/comments?post=1752"}],"version-history":[{"count":24,"href":"https:\/\/www.exartia.net\/ca\/wp-json\/wp\/v2\/pages\/1752\/revisions"}],"predecessor-version":[{"id":2080,"href":"https:\/\/www.exartia.net\/ca\/wp-json\/wp\/v2\/pages\/1752\/revisions\/2080"}],"wp:attachment":[{"href":"https:\/\/www.exartia.net\/ca\/wp-json\/wp\/v2\/media?parent=1752"}],"curies":[{"name":"wp","href":"https:\/\/api.w.org\/{rel}","templated":true}]}}